
{"id":64749,"date":"2023-01-27T10:10:35","date_gmt":"2023-01-27T10:10:35","guid":{"rendered":"https:\/\/smfoods.pt\/loja\/produto\/10057763-codineige-acucar-anti-humidade-5-kg\/"},"modified":"2024-03-04T15:26:36","modified_gmt":"2024-03-04T15:26:36","slug":"10057763-codineige-acucar-anti-humidade-5-kg","status":"publish","type":"product","link":"https:\/\/smfoods.pt\/loja\/produto\/10057763-codineige-acucar-anti-humidade-5-kg\/","title":{"rendered":"Codineige &#8211; A\u00e7ucar Anti Humidade 5 Kg"},"content":{"rendered":"<p><strong>Observa\u00e7\u00f5es: <\/strong><\/p>\n","protected":false},"excerpt":{"rendered":"<p>Observa\u00e7\u00f5es:<\/p>\n","protected":false},"featured_media":69467,"template":"","meta":[],"product_cat":[3080],"product_tag":[],"class_list":{"0":"post-64749","1":"product","2":"type-product","3":"status-publish","4":"has-post-thumbnail","6":"product_cat-pastelaria-acucares-outro-acucares","8":"first","9":"instock","10":"taxable","11":"shipping-taxable","12":"product-type-simple","13":"add-to-wishlist-before_image","14":"col-xs-6 col-sm-4","15":"col-md-3 col-lg-3","16":"un-4-cols"},"_links":{"self":[{"href":"https:\/\/smfoods.pt\/loja\/wp-json\/wp\/v2\/product\/64749","targetHints":{"allow":["GET"]}}],"collection":[{"href":"https:\/\/smfoods.pt\/loja\/wp-json\/wp\/v2\/product"}],"about":[{"href":"https:\/\/smfoods.pt\/loja\/wp-json\/wp\/v2\/types\/product"}],"version-history":[{"count":2,"href":"https:\/\/smfoods.pt\/loja\/wp-json\/wp\/v2\/product\/64749\/revisions"}],"predecessor-version":[{"id":71033,"href":"https:\/\/smfoods.pt\/loja\/wp-json\/wp\/v2\/product\/64749\/revisions\/71033"}],"wp:featuredmedia":[{"embeddable":true,"href":"https:\/\/smfoods.pt\/loja\/wp-json\/wp\/v2\/media\/69467"}],"wp:attachment":[{"href":"https:\/\/smfoods.pt\/loja\/wp-json\/wp\/v2\/media?parent=64749"}],"wp:term":[{"taxonomy":"product_cat","embeddable":true,"href":"https:\/\/smfoods.pt\/loja\/wp-json\/wp\/v2\/product_cat?post=64749"},{"taxonomy":"product_tag","embeddable":true,"href":"https:\/\/smfoods.pt\/loja\/wp-json\/wp\/v2\/product_tag?post=64749"}],"curies":[{"name":"wp","href":"https:\/\/api.w.org\/{rel}","templated":true}]}}