
{"id":64755,"date":"2023-01-27T10:10:41","date_gmt":"2023-01-27T10:10:41","guid":{"rendered":"https:\/\/smfoods.pt\/loja\/produto\/12092026-variegato-amore-pistacho-4-kg\/"},"modified":"2024-03-04T15:24:41","modified_gmt":"2024-03-04T15:24:41","slug":"12092026-variegato-amore-pistacho-4-kg","status":"publish","type":"product","link":"https:\/\/smfoods.pt\/loja\/produto\/12092026-variegato-amore-pistacho-4-kg\/","title":{"rendered":"Variegato Amore Pistacho 4 Kg"},"content":{"rendered":"<p><strong>Observa\u00e7\u00f5es: <\/strong>Delicioso variegato de chocolate com sabor a pistacho, peda\u00e7os de pistacho e de Waffer.<\/p>\n","protected":false},"excerpt":{"rendered":"<p>Observa\u00e7\u00f5es: Delicioso variegato de chocolate com sabor a pistacho, peda\u00e7os de pistacho e de Waffer.<\/p>\n","protected":false},"featured_media":69541,"template":"","meta":[],"product_cat":[2918,3004],"product_tag":[],"class_list":{"0":"post-64755","1":"product","2":"type-product","3":"status-publish","4":"has-post-thumbnail","6":"product_cat-pastelaria-pascoa","7":"product_cat-gelataria-variegatos-gelado","9":"first","10":"onbackorder","11":"taxable","12":"shipping-taxable","13":"product-type-simple","14":"add-to-wishlist-before_image","15":"col-xs-6 col-sm-4","16":"col-md-3 col-lg-3","17":"un-4-cols"},"_links":{"self":[{"href":"https:\/\/smfoods.pt\/loja\/wp-json\/wp\/v2\/product\/64755","targetHints":{"allow":["GET"]}}],"collection":[{"href":"https:\/\/smfoods.pt\/loja\/wp-json\/wp\/v2\/product"}],"about":[{"href":"https:\/\/smfoods.pt\/loja\/wp-json\/wp\/v2\/types\/product"}],"version-history":[{"count":1,"href":"https:\/\/smfoods.pt\/loja\/wp-json\/wp\/v2\/product\/64755\/revisions"}],"predecessor-version":[{"id":71057,"href":"https:\/\/smfoods.pt\/loja\/wp-json\/wp\/v2\/product\/64755\/revisions\/71057"}],"wp:featuredmedia":[{"embeddable":true,"href":"https:\/\/smfoods.pt\/loja\/wp-json\/wp\/v2\/media\/69541"}],"wp:attachment":[{"href":"https:\/\/smfoods.pt\/loja\/wp-json\/wp\/v2\/media?parent=64755"}],"wp:term":[{"taxonomy":"product_cat","embeddable":true,"href":"https:\/\/smfoods.pt\/loja\/wp-json\/wp\/v2\/product_cat?post=64755"},{"taxonomy":"product_tag","embeddable":true,"href":"https:\/\/smfoods.pt\/loja\/wp-json\/wp\/v2\/product_tag?post=64755"}],"curies":[{"name":"wp","href":"https:\/\/api.w.org\/{rel}","templated":true}]}}