
{"id":64761,"date":"2023-01-27T10:10:49","date_gmt":"2023-01-27T10:10:49","guid":{"rendered":"https:\/\/smfoods.pt\/loja\/produto\/10246292-bola-berlim-boomie-morango-e-aroma-citrus-48x77gr\/"},"modified":"2024-03-04T15:27:45","modified_gmt":"2024-03-04T15:27:45","slug":"10246292-bola-berlim-boomie-morango-e-aroma-citrus-48x77gr","status":"publish","type":"product","link":"https:\/\/smfoods.pt\/loja\/produto\/10246292-bola-berlim-boomie-morango-e-aroma-citrus-48x77gr\/","title":{"rendered":"Bola berlim (Boomie) Morango e Aroma Citrus 48x77gr."},"content":{"rendered":"<p><strong>Observa\u00e7\u00f5es: <\/strong>Bola Berlim com 24% de recheio de morango e amora, leve sabor a citrinos e topping de iogurte e morango. Modo Prepara\u00e7\u00e3o: Descongelar 90 minutos. Ap\u00f3s descongelados consumir em 3 dias.<\/p>\n","protected":false},"excerpt":{"rendered":"<p>Observa\u00e7\u00f5es: Bola Berlim com 24% de recheio de morango e amora, leve sabor a citrinos e topping de iogurte e morango. Modo Prepara\u00e7\u00e3o: Descongelar 90 minutos. Ap\u00f3s descongelados consumir em 3 dias.<\/p>\n","protected":false},"featured_media":69443,"template":"","meta":[],"product_cat":[3060,2915],"product_tag":[],"class_list":{"0":"post-64761","1":"product","2":"type-product","3":"status-publish","4":"has-post-thumbnail","6":"product_cat-frozen-pastelaria-dognuts-e-bolas-berlim","7":"product_cat-frozen-novidades","9":"first","10":"instock","11":"taxable","12":"shipping-taxable","13":"product-type-simple","14":"add-to-wishlist-before_image","15":"col-xs-6 col-sm-4","16":"col-md-3 col-lg-3","17":"un-4-cols"},"_links":{"self":[{"href":"https:\/\/smfoods.pt\/loja\/wp-json\/wp\/v2\/product\/64761","targetHints":{"allow":["GET"]}}],"collection":[{"href":"https:\/\/smfoods.pt\/loja\/wp-json\/wp\/v2\/product"}],"about":[{"href":"https:\/\/smfoods.pt\/loja\/wp-json\/wp\/v2\/types\/product"}],"version-history":[{"count":2,"href":"https:\/\/smfoods.pt\/loja\/wp-json\/wp\/v2\/product\/64761\/revisions"}],"predecessor-version":[{"id":71634,"href":"https:\/\/smfoods.pt\/loja\/wp-json\/wp\/v2\/product\/64761\/revisions\/71634"}],"wp:featuredmedia":[{"embeddable":true,"href":"https:\/\/smfoods.pt\/loja\/wp-json\/wp\/v2\/media\/69443"}],"wp:attachment":[{"href":"https:\/\/smfoods.pt\/loja\/wp-json\/wp\/v2\/media?parent=64761"}],"wp:term":[{"taxonomy":"product_cat","embeddable":true,"href":"https:\/\/smfoods.pt\/loja\/wp-json\/wp\/v2\/product_cat?post=64761"},{"taxonomy":"product_tag","embeddable":true,"href":"https:\/\/smfoods.pt\/loja\/wp-json\/wp\/v2\/product_tag?post=64761"}],"curies":[{"name":"wp","href":"https:\/\/api.w.org\/{rel}","templated":true}]}}