
{"id":64763,"date":"2023-01-27T10:10:51","date_gmt":"2023-01-27T10:10:51","guid":{"rendered":"https:\/\/smfoods.pt\/loja\/produto\/10246295-bola-berlim-boomie-caramelo-salgado-48x77gr\/"},"modified":"2024-03-04T15:27:47","modified_gmt":"2024-03-04T15:27:47","slug":"10246295-bola-berlim-boomie-caramelo-salgado-48x77gr","status":"publish","type":"product","link":"https:\/\/smfoods.pt\/loja\/produto\/10246295-bola-berlim-boomie-caramelo-salgado-48x77gr\/","title":{"rendered":"Bola berlim (Boomie) Caramelo Salgado 48x77gr."},"content":{"rendered":"<p><strong>Observa\u00e7\u00f5es: <\/strong>Bola Berlim com 21% de recheio de caramelo salgado e topping com crocantes peda\u00e7os de toffee. Modo Prepara\u00e7\u00e3o: Descongelar 90 minutos. Ap\u00f3s descongelados consumir em 3 dias.<\/p>\n","protected":false},"excerpt":{"rendered":"<p>Observa\u00e7\u00f5es: Bola Berlim com 21% de recheio de caramelo salgado e topping com crocantes peda\u00e7os de toffee. Modo Prepara\u00e7\u00e3o: Descongelar 90 minutos. Ap\u00f3s descongelados consumir em 3 dias.<\/p>\n","protected":false},"featured_media":69427,"template":"","meta":[],"product_cat":[3060,2915],"product_tag":[],"class_list":{"0":"post-64763","1":"product","2":"type-product","3":"status-publish","4":"has-post-thumbnail","6":"product_cat-frozen-pastelaria-dognuts-e-bolas-berlim","7":"product_cat-frozen-novidades","9":"first","10":"instock","11":"taxable","12":"shipping-taxable","13":"product-type-simple","14":"add-to-wishlist-before_image","15":"col-xs-6 col-sm-4","16":"col-md-3 col-lg-3","17":"un-4-cols"},"_links":{"self":[{"href":"https:\/\/smfoods.pt\/loja\/wp-json\/wp\/v2\/product\/64763","targetHints":{"allow":["GET"]}}],"collection":[{"href":"https:\/\/smfoods.pt\/loja\/wp-json\/wp\/v2\/product"}],"about":[{"href":"https:\/\/smfoods.pt\/loja\/wp-json\/wp\/v2\/types\/product"}],"version-history":[{"count":2,"href":"https:\/\/smfoods.pt\/loja\/wp-json\/wp\/v2\/product\/64763\/revisions"}],"predecessor-version":[{"id":71658,"href":"https:\/\/smfoods.pt\/loja\/wp-json\/wp\/v2\/product\/64763\/revisions\/71658"}],"wp:featuredmedia":[{"embeddable":true,"href":"https:\/\/smfoods.pt\/loja\/wp-json\/wp\/v2\/media\/69427"}],"wp:attachment":[{"href":"https:\/\/smfoods.pt\/loja\/wp-json\/wp\/v2\/media?parent=64763"}],"wp:term":[{"taxonomy":"product_cat","embeddable":true,"href":"https:\/\/smfoods.pt\/loja\/wp-json\/wp\/v2\/product_cat?post=64763"},{"taxonomy":"product_tag","embeddable":true,"href":"https:\/\/smfoods.pt\/loja\/wp-json\/wp\/v2\/product_tag?post=64763"}],"curies":[{"name":"wp","href":"https:\/\/api.w.org\/{rel}","templated":true}]}}