
{"id":64765,"date":"2023-01-27T10:10:53","date_gmt":"2023-01-27T10:10:53","guid":{"rendered":"https:\/\/smfoods.pt\/loja\/produto\/107117-obreia-lisa-para-imprimir-21x297-cm\/"},"modified":"2024-03-04T15:49:09","modified_gmt":"2024-03-04T15:49:09","slug":"107117-obreia-lisa-para-imprimir-21x297-cm","status":"publish","type":"product","link":"https:\/\/smfoods.pt\/loja\/produto\/107117-obreia-lisa-para-imprimir-21x297-cm\/","title":{"rendered":"Obreia Lisa para Imprimir 21&#215;29,7 cm"},"content":{"rendered":"<p><strong>Observa\u00e7\u00f5es: <\/strong>Folha de Host\u00eda, ideal para impress\u00f5es alimentares.<\/p>\n","protected":false},"excerpt":{"rendered":"<p>Observa\u00e7\u00f5es: Folha de Host\u00eda, ideal para impress\u00f5es alimentares.<\/p>\n","protected":false},"featured_media":69502,"template":"","meta":[],"product_cat":[3020,3003],"product_tag":[],"class_list":{"0":"post-64765","1":"product","2":"type-product","3":"status-publish","4":"has-post-thumbnail","6":"product_cat-pastelaria-utensilios-impressao-alimentar","7":"product_cat-pastelaria-utensilios","9":"first","10":"instock","11":"taxable","12":"shipping-taxable","13":"product-type-simple","14":"add-to-wishlist-before_image","15":"col-xs-6 col-sm-4","16":"col-md-3 col-lg-3","17":"un-4-cols"},"_links":{"self":[{"href":"https:\/\/smfoods.pt\/loja\/wp-json\/wp\/v2\/product\/64765","targetHints":{"allow":["GET"]}}],"collection":[{"href":"https:\/\/smfoods.pt\/loja\/wp-json\/wp\/v2\/product"}],"about":[{"href":"https:\/\/smfoods.pt\/loja\/wp-json\/wp\/v2\/types\/product"}],"version-history":[{"count":1,"href":"https:\/\/smfoods.pt\/loja\/wp-json\/wp\/v2\/product\/64765\/revisions"}],"predecessor-version":[{"id":71010,"href":"https:\/\/smfoods.pt\/loja\/wp-json\/wp\/v2\/product\/64765\/revisions\/71010"}],"wp:featuredmedia":[{"embeddable":true,"href":"https:\/\/smfoods.pt\/loja\/wp-json\/wp\/v2\/media\/69502"}],"wp:attachment":[{"href":"https:\/\/smfoods.pt\/loja\/wp-json\/wp\/v2\/media?parent=64765"}],"wp:term":[{"taxonomy":"product_cat","embeddable":true,"href":"https:\/\/smfoods.pt\/loja\/wp-json\/wp\/v2\/product_cat?post=64765"},{"taxonomy":"product_tag","embeddable":true,"href":"https:\/\/smfoods.pt\/loja\/wp-json\/wp\/v2\/product_tag?post=64765"}],"curies":[{"name":"wp","href":"https:\/\/api.w.org\/{rel}","templated":true}]}}