
{"id":64777,"date":"2023-01-27T10:11:05","date_gmt":"2023-01-27T10:11:05","guid":{"rendered":"https:\/\/smfoods.pt\/loja\/produto\/12093225-straciatella-gold-5-kg\/"},"modified":"2024-03-04T15:49:07","modified_gmt":"2024-03-04T15:49:07","slug":"12093225-straciatella-gold-5-kg","status":"publish","type":"product","link":"https:\/\/smfoods.pt\/loja\/produto\/12093225-straciatella-gold-5-kg\/","title":{"rendered":"Straciatella Gold 5 Kg"},"content":{"rendered":"<p><strong>Observa\u00e7\u00f5es: <\/strong>Delicioso straciatella de chocolate branco com caramelo. Fluida \u00e0 temperatura ambiente.<\/p>\n","protected":false},"excerpt":{"rendered":"<p>Observa\u00e7\u00f5es: Delicioso straciatella de chocolate branco com caramelo. Fluida \u00e0 temperatura ambiente.<\/p>\n","protected":false},"featured_media":69507,"template":"","meta":[],"product_cat":[2985],"product_tag":[],"class_list":{"0":"post-64777","1":"product","2":"type-product","3":"status-publish","4":"has-post-thumbnail","6":"product_cat-gelataria-pastas-gelado","8":"first","9":"instock","10":"taxable","11":"shipping-taxable","12":"product-type-simple","13":"add-to-wishlist-before_image","14":"col-xs-6 col-sm-4","15":"col-md-3 col-lg-3","16":"un-4-cols"},"_links":{"self":[{"href":"https:\/\/smfoods.pt\/loja\/wp-json\/wp\/v2\/product\/64777","targetHints":{"allow":["GET"]}}],"collection":[{"href":"https:\/\/smfoods.pt\/loja\/wp-json\/wp\/v2\/product"}],"about":[{"href":"https:\/\/smfoods.pt\/loja\/wp-json\/wp\/v2\/types\/product"}],"version-history":[{"count":2,"href":"https:\/\/smfoods.pt\/loja\/wp-json\/wp\/v2\/product\/64777\/revisions"}],"predecessor-version":[{"id":72927,"href":"https:\/\/smfoods.pt\/loja\/wp-json\/wp\/v2\/product\/64777\/revisions\/72927"}],"wp:featuredmedia":[{"embeddable":true,"href":"https:\/\/smfoods.pt\/loja\/wp-json\/wp\/v2\/media\/69507"}],"wp:attachment":[{"href":"https:\/\/smfoods.pt\/loja\/wp-json\/wp\/v2\/media?parent=64777"}],"wp:term":[{"taxonomy":"product_cat","embeddable":true,"href":"https:\/\/smfoods.pt\/loja\/wp-json\/wp\/v2\/product_cat?post=64777"},{"taxonomy":"product_tag","embeddable":true,"href":"https:\/\/smfoods.pt\/loja\/wp-json\/wp\/v2\/product_tag?post=64777"}],"curies":[{"name":"wp","href":"https:\/\/api.w.org\/{rel}","templated":true}]}}