
{"id":64787,"date":"2023-01-27T10:11:14","date_gmt":"2023-01-27T10:11:14","guid":{"rendered":"https:\/\/smfoods.pt\/loja\/produto\/120930500-morettina-pepita-55kg\/"},"modified":"2024-03-04T15:25:10","modified_gmt":"2024-03-04T15:25:10","slug":"120930500-morettina-pepita-55kg","status":"publish","type":"product","link":"https:\/\/smfoods.pt\/loja\/produto\/120930500-morettina-pepita-55kg\/","title":{"rendered":"Morettina Pepita 5,5Kg"},"content":{"rendered":"<p><strong>Observa\u00e7\u00f5es: <\/strong>Delicioso chocolate com avel\u00e3s inteiras tostadas.<\/p>\n","protected":false},"excerpt":{"rendered":"<p>Observa\u00e7\u00f5es: Delicioso chocolate com avel\u00e3s inteiras tostadas.<\/p>\n","protected":false},"featured_media":69501,"template":"","meta":[],"product_cat":[3004],"product_tag":[],"class_list":{"0":"post-64787","1":"product","2":"type-product","3":"status-publish","4":"has-post-thumbnail","6":"product_cat-gelataria-variegatos-gelado","8":"first","9":"instock","10":"taxable","11":"shipping-taxable","12":"product-type-simple","13":"add-to-wishlist-before_image","14":"col-xs-6 col-sm-4","15":"col-md-3 col-lg-3","16":"un-4-cols"},"_links":{"self":[{"href":"https:\/\/smfoods.pt\/loja\/wp-json\/wp\/v2\/product\/64787","targetHints":{"allow":["GET"]}}],"collection":[{"href":"https:\/\/smfoods.pt\/loja\/wp-json\/wp\/v2\/product"}],"about":[{"href":"https:\/\/smfoods.pt\/loja\/wp-json\/wp\/v2\/types\/product"}],"version-history":[{"count":1,"href":"https:\/\/smfoods.pt\/loja\/wp-json\/wp\/v2\/product\/64787\/revisions"}],"predecessor-version":[{"id":71675,"href":"https:\/\/smfoods.pt\/loja\/wp-json\/wp\/v2\/product\/64787\/revisions\/71675"}],"wp:featuredmedia":[{"embeddable":true,"href":"https:\/\/smfoods.pt\/loja\/wp-json\/wp\/v2\/media\/69501"}],"wp:attachment":[{"href":"https:\/\/smfoods.pt\/loja\/wp-json\/wp\/v2\/media?parent=64787"}],"wp:term":[{"taxonomy":"product_cat","embeddable":true,"href":"https:\/\/smfoods.pt\/loja\/wp-json\/wp\/v2\/product_cat?post=64787"},{"taxonomy":"product_tag","embeddable":true,"href":"https:\/\/smfoods.pt\/loja\/wp-json\/wp\/v2\/product_tag?post=64787"}],"curies":[{"name":"wp","href":"https:\/\/api.w.org\/{rel}","templated":true}]}}