
{"id":64793,"date":"2023-01-27T10:11:20","date_gmt":"2023-01-27T10:11:20","guid":{"rendered":"https:\/\/smfoods.pt\/loja\/produto\/12108382-kit-perfumo-di-sicilia-145-kg\/"},"modified":"2024-03-04T15:15:10","modified_gmt":"2024-03-04T15:15:10","slug":"12108382-kit-perfumo-di-sicilia-145-kg","status":"publish","type":"product","link":"https:\/\/smfoods.pt\/loja\/produto\/12108382-kit-perfumo-di-sicilia-145-kg\/","title":{"rendered":"KIT PERFUMO DI SICILIA (14,5 Kg)"},"content":{"rendered":"<p><strong>Observa\u00e7\u00f5es: <\/strong>Kit constituido por base com aroma e variegato. Com os sabores da Sicilia, uma deliciosa combina\u00e7\u00e3o de citrinus, am\u00eandoa e canela e um crumble de biscoito e pistacho. O kit inclui crumble de bolacha, variegato e pasta.<\/p>\n","protected":false},"excerpt":{"rendered":"<p>Observa\u00e7\u00f5es: Kit constituido por base com aroma e variegato. Com os sabores da Sicilia, uma deliciosa combina\u00e7\u00e3o de citrinus, am\u00eandoa e canela e um crumble de biscoito e pistacho. O kit inclui crumble de bolacha, variegato e pasta.<\/p>\n","protected":false},"featured_media":69553,"template":"","meta":[],"product_cat":[2985],"product_tag":[],"class_list":{"0":"post-64793","1":"product","2":"type-product","3":"status-publish","4":"has-post-thumbnail","6":"product_cat-gelataria-pastas-gelado","8":"first","9":"instock","10":"taxable","11":"shipping-taxable","12":"product-type-simple","13":"add-to-wishlist-before_image","14":"col-xs-6 col-sm-4","15":"col-md-3 col-lg-3","16":"un-4-cols"},"_links":{"self":[{"href":"https:\/\/smfoods.pt\/loja\/wp-json\/wp\/v2\/product\/64793","targetHints":{"allow":["GET"]}}],"collection":[{"href":"https:\/\/smfoods.pt\/loja\/wp-json\/wp\/v2\/product"}],"about":[{"href":"https:\/\/smfoods.pt\/loja\/wp-json\/wp\/v2\/types\/product"}],"version-history":[{"count":2,"href":"https:\/\/smfoods.pt\/loja\/wp-json\/wp\/v2\/product\/64793\/revisions"}],"predecessor-version":[{"id":71681,"href":"https:\/\/smfoods.pt\/loja\/wp-json\/wp\/v2\/product\/64793\/revisions\/71681"}],"wp:featuredmedia":[{"embeddable":true,"href":"https:\/\/smfoods.pt\/loja\/wp-json\/wp\/v2\/media\/69553"}],"wp:attachment":[{"href":"https:\/\/smfoods.pt\/loja\/wp-json\/wp\/v2\/media?parent=64793"}],"wp:term":[{"taxonomy":"product_cat","embeddable":true,"href":"https:\/\/smfoods.pt\/loja\/wp-json\/wp\/v2\/product_cat?post=64793"},{"taxonomy":"product_tag","embeddable":true,"href":"https:\/\/smfoods.pt\/loja\/wp-json\/wp\/v2\/product_tag?post=64793"}],"curies":[{"name":"wp","href":"https:\/\/api.w.org\/{rel}","templated":true}]}}