
{"id":64795,"date":"2023-01-27T10:11:22","date_gmt":"2023-01-27T10:11:22","guid":{"rendered":"https:\/\/smfoods.pt\/loja\/produto\/12095874-variegato-passion-fruit-maracuja-35-kg\/"},"modified":"2024-03-04T15:48:22","modified_gmt":"2024-03-04T15:48:22","slug":"12095874-variegato-passion-fruit-maracuja-35-kg","status":"publish","type":"product","link":"https:\/\/smfoods.pt\/loja\/produto\/12095874-variegato-passion-fruit-maracuja-35-kg\/","title":{"rendered":"Variegato Passion Fruit (Maracuja) 3,5 Kg"},"content":{"rendered":"<p><strong>Observa\u00e7\u00f5es: <\/strong>Delicioso Variegato de maracuj\u00e1.<\/p>\n","protected":false},"excerpt":{"rendered":"<p>Observa\u00e7\u00f5es: Delicioso Variegato de maracuj\u00e1.<\/p>\n","protected":false},"featured_media":69518,"template":"","meta":[],"product_cat":[3004],"product_tag":[],"class_list":{"0":"post-64795","1":"product","2":"type-product","3":"status-publish","4":"has-post-thumbnail","6":"product_cat-gelataria-variegatos-gelado","8":"first","9":"instock","10":"taxable","11":"shipping-taxable","12":"product-type-simple","13":"add-to-wishlist-before_image","14":"col-xs-6 col-sm-4","15":"col-md-3 col-lg-3","16":"un-4-cols"},"_links":{"self":[{"href":"https:\/\/smfoods.pt\/loja\/wp-json\/wp\/v2\/product\/64795","targetHints":{"allow":["GET"]}}],"collection":[{"href":"https:\/\/smfoods.pt\/loja\/wp-json\/wp\/v2\/product"}],"about":[{"href":"https:\/\/smfoods.pt\/loja\/wp-json\/wp\/v2\/types\/product"}],"version-history":[{"count":2,"href":"https:\/\/smfoods.pt\/loja\/wp-json\/wp\/v2\/product\/64795\/revisions"}],"predecessor-version":[{"id":71017,"href":"https:\/\/smfoods.pt\/loja\/wp-json\/wp\/v2\/product\/64795\/revisions\/71017"}],"wp:featuredmedia":[{"embeddable":true,"href":"https:\/\/smfoods.pt\/loja\/wp-json\/wp\/v2\/media\/69518"}],"wp:attachment":[{"href":"https:\/\/smfoods.pt\/loja\/wp-json\/wp\/v2\/media?parent=64795"}],"wp:term":[{"taxonomy":"product_cat","embeddable":true,"href":"https:\/\/smfoods.pt\/loja\/wp-json\/wp\/v2\/product_cat?post=64795"},{"taxonomy":"product_tag","embeddable":true,"href":"https:\/\/smfoods.pt\/loja\/wp-json\/wp\/v2\/product_tag?post=64795"}],"curies":[{"name":"wp","href":"https:\/\/api.w.org\/{rel}","templated":true}]}}