
{"id":64797,"date":"2023-01-27T10:11:24","date_gmt":"2023-01-27T10:11:24","guid":{"rendered":"https:\/\/smfoods.pt\/loja\/produto\/12415261-kit-kat-mix-in-big-chunks-400-gr\/"},"modified":"2024-03-04T15:24:02","modified_gmt":"2024-03-04T15:24:02","slug":"12415261-kit-kat-mix-in-big-chunks-400-gr","status":"publish","type":"product","link":"https:\/\/smfoods.pt\/loja\/produto\/12415261-kit-kat-mix-in-big-chunks-400-gr\/","title":{"rendered":"Kit Kat Mix in Big Chunks 400 gr"},"content":{"rendered":"<p><strong>Observa\u00e7\u00f5es: <\/strong>Peda\u00e7os de Kit Kat ideal para cobrir donuts e meter em sobremesas.<br \/>\nCaixa Master com 10 pacotes<\/p>\n","protected":false},"excerpt":{"rendered":"<p>Observa\u00e7\u00f5es: Peda\u00e7os de Kit Kat ideal para cobrir donuts e meter em sobremesas. Caixa Master com 10 pacotes<\/p>\n","protected":false},"featured_media":69532,"template":"","meta":[],"product_cat":[2929,2930,2921,2915,2918],"product_tag":[],"class_list":{"0":"post-64797","1":"product","2":"type-product","3":"status-publish","4":"has-post-thumbnail","6":"product_cat-pastelaria-bolachas-e-hostias","7":"product_cat-gelataria-bolachas-e-hostias","8":"product_cat-pastelaria-novidades","9":"product_cat-frozen-novidades","10":"product_cat-pastelaria-pascoa","12":"first","13":"instock","14":"sale","15":"taxable","16":"shipping-taxable","17":"product-type-simple","18":"add-to-wishlist-before_image","19":"col-xs-6 col-sm-4","20":"col-md-3 col-lg-3","21":"un-4-cols"},"_links":{"self":[{"href":"https:\/\/smfoods.pt\/loja\/wp-json\/wp\/v2\/product\/64797","targetHints":{"allow":["GET"]}}],"collection":[{"href":"https:\/\/smfoods.pt\/loja\/wp-json\/wp\/v2\/product"}],"about":[{"href":"https:\/\/smfoods.pt\/loja\/wp-json\/wp\/v2\/types\/product"}],"version-history":[{"count":1,"href":"https:\/\/smfoods.pt\/loja\/wp-json\/wp\/v2\/product\/64797\/revisions"}],"predecessor-version":[{"id":71079,"href":"https:\/\/smfoods.pt\/loja\/wp-json\/wp\/v2\/product\/64797\/revisions\/71079"}],"wp:featuredmedia":[{"embeddable":true,"href":"https:\/\/smfoods.pt\/loja\/wp-json\/wp\/v2\/media\/69532"}],"wp:attachment":[{"href":"https:\/\/smfoods.pt\/loja\/wp-json\/wp\/v2\/media?parent=64797"}],"wp:term":[{"taxonomy":"product_cat","embeddable":true,"href":"https:\/\/smfoods.pt\/loja\/wp-json\/wp\/v2\/product_cat?post=64797"},{"taxonomy":"product_tag","embeddable":true,"href":"https:\/\/smfoods.pt\/loja\/wp-json\/wp\/v2\/product_tag?post=64797"}],"curies":[{"name":"wp","href":"https:\/\/api.w.org\/{rel}","templated":true}]}}