
{"id":64801,"date":"2023-01-27T10:11:28","date_gmt":"2023-01-27T10:11:28","guid":{"rendered":"https:\/\/smfoods.pt\/loja\/produto\/12520398-kit-kat-spread-3-kg\/"},"modified":"2024-03-04T15:23:54","modified_gmt":"2024-03-04T15:23:54","slug":"12520398-kit-kat-spread-3-kg","status":"publish","type":"product","link":"https:\/\/smfoods.pt\/loja\/produto\/12520398-kit-kat-spread-3-kg\/","title":{"rendered":"Kit Kat Spread 3 Kg"},"content":{"rendered":"<p><strong>Observa\u00e7\u00f5es: <\/strong>Chocolate cremoso com peda\u00e7o de kit kat ideal para rechear bolos, decorar donuts e sobremesas ou variegar gelado.<\/p>\n","protected":false},"excerpt":{"rendered":"<p>Observa\u00e7\u00f5es: Chocolate cremoso com peda\u00e7o de kit kat ideal para rechear bolos, decorar donuts e sobremesas ou variegar gelado.<\/p>\n","protected":false},"featured_media":69504,"template":"","meta":[],"product_cat":[2915,2921,2918,3101,3002],"product_tag":[],"class_list":{"0":"post-64801","1":"product","2":"type-product","3":"status-publish","4":"has-post-thumbnail","6":"product_cat-frozen-novidades","7":"product_cat-pastelaria-novidades","8":"product_cat-pastelaria-pascoa","9":"product_cat-pastelaria-chocolates-e-sucedaneos-recheios","10":"product_cat-gelataria-toppings","12":"first","13":"instock","14":"sale","15":"taxable","16":"shipping-taxable","17":"product-type-simple","18":"add-to-wishlist-before_image","19":"col-xs-6 col-sm-4","20":"col-md-3 col-lg-3","21":"un-4-cols"},"_links":{"self":[{"href":"https:\/\/smfoods.pt\/loja\/wp-json\/wp\/v2\/product\/64801","targetHints":{"allow":["GET"]}}],"collection":[{"href":"https:\/\/smfoods.pt\/loja\/wp-json\/wp\/v2\/product"}],"about":[{"href":"https:\/\/smfoods.pt\/loja\/wp-json\/wp\/v2\/types\/product"}],"version-history":[{"count":1,"href":"https:\/\/smfoods.pt\/loja\/wp-json\/wp\/v2\/product\/64801\/revisions"}],"predecessor-version":[{"id":70996,"href":"https:\/\/smfoods.pt\/loja\/wp-json\/wp\/v2\/product\/64801\/revisions\/70996"}],"wp:featuredmedia":[{"embeddable":true,"href":"https:\/\/smfoods.pt\/loja\/wp-json\/wp\/v2\/media\/69504"}],"wp:attachment":[{"href":"https:\/\/smfoods.pt\/loja\/wp-json\/wp\/v2\/media?parent=64801"}],"wp:term":[{"taxonomy":"product_cat","embeddable":true,"href":"https:\/\/smfoods.pt\/loja\/wp-json\/wp\/v2\/product_cat?post=64801"},{"taxonomy":"product_tag","embeddable":true,"href":"https:\/\/smfoods.pt\/loja\/wp-json\/wp\/v2\/product_tag?post=64801"}],"curies":[{"name":"wp","href":"https:\/\/api.w.org\/{rel}","templated":true}]}}