
{"id":64804,"date":"2023-01-27T10:11:30","date_gmt":"2023-01-27T10:11:30","guid":{"rendered":"https:\/\/smfoods.pt\/loja\/produto\/13928-base-de-pizza-retangular-12-unid-650-gr-vdm\/"},"modified":"2024-03-04T15:14:37","modified_gmt":"2024-03-04T15:14:37","slug":"13928-base-de-pizza-retangular-12-unid-650-gr-vdm","status":"publish","type":"product","link":"https:\/\/smfoods.pt\/loja\/produto\/13928-base-de-pizza-retangular-12-unid-650-gr-vdm\/","title":{"rendered":"Base de Pizza Retangular 12 Unid (+\/-650 gr) VDM"},"content":{"rendered":"<p><strong>Observa\u00e7\u00f5es: <\/strong>Base de pizza rectangular pronta com 52&#215;32 cm com 2,8mm de espessura. Modo de Prepara\u00e7\u00e3o: 20-25 minutos a 190-230\u00ba.<\/p>\n","protected":false},"excerpt":{"rendered":"<p>Observa\u00e7\u00f5es: Base de pizza rectangular pronta com 52&#215;32 cm com 2,8mm de espessura. Modo de Prepara\u00e7\u00e3o: 20-25 minutos a 190-230\u00ba.<\/p>\n","protected":false},"featured_media":69613,"template":"","meta":[],"product_cat":[2915,3084],"product_tag":[],"class_list":{"0":"post-64804","1":"product","2":"type-product","3":"status-publish","4":"has-post-thumbnail","6":"product_cat-frozen-novidades","7":"product_cat-frozen-padaria-pao-especial","9":"first","10":"instock","11":"sale","12":"taxable","13":"shipping-taxable","14":"product-type-simple","15":"add-to-wishlist-before_image","16":"col-xs-6 col-sm-4","17":"col-md-3 col-lg-3","18":"un-4-cols"},"_links":{"self":[{"href":"https:\/\/smfoods.pt\/loja\/wp-json\/wp\/v2\/product\/64804","targetHints":{"allow":["GET"]}}],"collection":[{"href":"https:\/\/smfoods.pt\/loja\/wp-json\/wp\/v2\/product"}],"about":[{"href":"https:\/\/smfoods.pt\/loja\/wp-json\/wp\/v2\/types\/product"}],"version-history":[{"count":2,"href":"https:\/\/smfoods.pt\/loja\/wp-json\/wp\/v2\/product\/64804\/revisions"}],"predecessor-version":[{"id":71092,"href":"https:\/\/smfoods.pt\/loja\/wp-json\/wp\/v2\/product\/64804\/revisions\/71092"}],"wp:featuredmedia":[{"embeddable":true,"href":"https:\/\/smfoods.pt\/loja\/wp-json\/wp\/v2\/media\/69613"}],"wp:attachment":[{"href":"https:\/\/smfoods.pt\/loja\/wp-json\/wp\/v2\/media?parent=64804"}],"wp:term":[{"taxonomy":"product_cat","embeddable":true,"href":"https:\/\/smfoods.pt\/loja\/wp-json\/wp\/v2\/product_cat?post=64804"},{"taxonomy":"product_tag","embeddable":true,"href":"https:\/\/smfoods.pt\/loja\/wp-json\/wp\/v2\/product_tag?post=64804"}],"curies":[{"name":"wp","href":"https:\/\/api.w.org\/{rel}","templated":true}]}}