
{"id":64824,"date":"2023-01-27T10:11:49","date_gmt":"2023-01-27T10:11:49","guid":{"rendered":"https:\/\/smfoods.pt\/loja\/produto\/211202-oleo-dihor-profissional-10-l\/"},"modified":"2024-03-04T15:50:18","modified_gmt":"2024-03-04T15:50:18","slug":"211202-oleo-dihor-profissional-10-l","status":"publish","type":"product","link":"https:\/\/smfoods.pt\/loja\/produto\/211202-oleo-dihor-profissional-10-l\/","title":{"rendered":"Oleo Dihor Profissional 10 L."},"content":{"rendered":"<p><strong>Observa\u00e7\u00f5es: <\/strong>\u00d3leo Profissional Especial Frituras Alto Oleico.<br \/>\nIngredientes: \u00d3leo girassol com alto teor de alto oleico e \u00f3leo girassol refinado.<br \/>\nCada palete 56 caixas.<\/p>\n","protected":false},"excerpt":{"rendered":"<p>Observa\u00e7\u00f5es: \u00d3leo Profissional Especial Frituras Alto Oleico. Ingredientes: \u00d3leo girassol com alto teor de alto oleico e \u00f3leo girassol refinado. Cada palete 56 caixas.<\/p>\n","protected":false},"featured_media":72943,"template":"","meta":[],"product_cat":[2979],"product_tag":[],"class_list":{"0":"post-64824","1":"product","2":"type-product","3":"status-publish","4":"has-post-thumbnail","6":"product_cat-restauracao-oleos-e-azeites","8":"first","9":"instock","10":"sale","11":"taxable","12":"shipping-taxable","13":"product-type-simple","14":"add-to-wishlist-before_image","15":"col-xs-6 col-sm-4","16":"col-md-3 col-lg-3","17":"un-4-cols"},"_links":{"self":[{"href":"https:\/\/smfoods.pt\/loja\/wp-json\/wp\/v2\/product\/64824","targetHints":{"allow":["GET"]}}],"collection":[{"href":"https:\/\/smfoods.pt\/loja\/wp-json\/wp\/v2\/product"}],"about":[{"href":"https:\/\/smfoods.pt\/loja\/wp-json\/wp\/v2\/types\/product"}],"version-history":[{"count":1,"href":"https:\/\/smfoods.pt\/loja\/wp-json\/wp\/v2\/product\/64824\/revisions"}],"predecessor-version":[{"id":71091,"href":"https:\/\/smfoods.pt\/loja\/wp-json\/wp\/v2\/product\/64824\/revisions\/71091"}],"wp:featuredmedia":[{"embeddable":true,"href":"https:\/\/smfoods.pt\/loja\/wp-json\/wp\/v2\/media\/72943"}],"wp:attachment":[{"href":"https:\/\/smfoods.pt\/loja\/wp-json\/wp\/v2\/media?parent=64824"}],"wp:term":[{"taxonomy":"product_cat","embeddable":true,"href":"https:\/\/smfoods.pt\/loja\/wp-json\/wp\/v2\/product_cat?post=64824"},{"taxonomy":"product_tag","embeddable":true,"href":"https:\/\/smfoods.pt\/loja\/wp-json\/wp\/v2\/product_tag?post=64824"}],"curies":[{"name":"wp","href":"https:\/\/api.w.org\/{rel}","templated":true}]}}