
{"id":64915,"date":"2023-01-27T10:13:19","date_gmt":"2023-01-27T10:13:19","guid":{"rendered":"https:\/\/smfoods.pt\/loja\/produto\/20ba01-molde-polietileno-my-sweet-bag-mala-senhora\/"},"modified":"2024-03-04T15:10:05","modified_gmt":"2024-03-04T15:10:05","slug":"20ba01-molde-polietileno-my-sweet-bag-mala-senhora","status":"publish","type":"product","link":"https:\/\/smfoods.pt\/loja\/produto\/20ba01-molde-polietileno-my-sweet-bag-mala-senhora\/","title":{"rendered":"Molde Poli\u00e9tileno My sweet Bag (Mala senhora)"},"content":{"rendered":"<p><strong>Observa\u00e7\u00f5es: <\/strong>Medidas: 119\u00d752 h126mm.<br \/>\nCada Molde faz 2 malas.<\/p>\n","protected":false},"excerpt":{"rendered":"<p>Observa\u00e7\u00f5es: Medidas: 119\u00d752 h126mm. Cada Molde faz 2 malas.<\/p>\n","protected":false},"featured_media":69549,"template":"","meta":[],"product_cat":[2975,2921],"product_tag":[],"class_list":{"0":"post-64915","1":"product","2":"type-product","3":"status-publish","4":"has-post-thumbnail","6":"product_cat-pastelaria-moldes","7":"product_cat-pastelaria-novidades","9":"first","10":"instock","11":"taxable","12":"shipping-taxable","13":"product-type-simple","14":"add-to-wishlist-before_image","15":"col-xs-6 col-sm-4","16":"col-md-3 col-lg-3","17":"un-4-cols"},"_links":{"self":[{"href":"https:\/\/smfoods.pt\/loja\/wp-json\/wp\/v2\/product\/64915","targetHints":{"allow":["GET"]}}],"collection":[{"href":"https:\/\/smfoods.pt\/loja\/wp-json\/wp\/v2\/product"}],"about":[{"href":"https:\/\/smfoods.pt\/loja\/wp-json\/wp\/v2\/types\/product"}],"version-history":[{"count":2,"href":"https:\/\/smfoods.pt\/loja\/wp-json\/wp\/v2\/product\/64915\/revisions"}],"predecessor-version":[{"id":71690,"href":"https:\/\/smfoods.pt\/loja\/wp-json\/wp\/v2\/product\/64915\/revisions\/71690"}],"wp:featuredmedia":[{"embeddable":true,"href":"https:\/\/smfoods.pt\/loja\/wp-json\/wp\/v2\/media\/69549"}],"wp:attachment":[{"href":"https:\/\/smfoods.pt\/loja\/wp-json\/wp\/v2\/media?parent=64915"}],"wp:term":[{"taxonomy":"product_cat","embeddable":true,"href":"https:\/\/smfoods.pt\/loja\/wp-json\/wp\/v2\/product_cat?post=64915"},{"taxonomy":"product_tag","embeddable":true,"href":"https:\/\/smfoods.pt\/loja\/wp-json\/wp\/v2\/product_tag?post=64915"}],"curies":[{"name":"wp","href":"https:\/\/api.w.org\/{rel}","templated":true}]}}