
{"id":64929,"date":"2023-01-27T10:13:33","date_gmt":"2023-01-27T10:13:33","guid":{"rendered":"https:\/\/smfoods.pt\/loja\/produto\/445018-confetti-estrelinhas-1-kg\/"},"modified":"2024-03-04T15:11:08","modified_gmt":"2024-03-04T15:11:08","slug":"445018-confetti-estrelinhas-1-kg","status":"publish","type":"product","link":"https:\/\/smfoods.pt\/loja\/produto\/445018-confetti-estrelinhas-1-kg\/","title":{"rendered":"Confetti Estrelinhas 1 Kg"},"content":{"rendered":"<p><strong>Observa\u00e7\u00f5es: <\/strong>Granulado de a\u00e7ucar em forma de estrela, ideal para decorar bolos.<\/p>\n","protected":false},"excerpt":{"rendered":"<p>Observa\u00e7\u00f5es: Granulado de a\u00e7ucar em forma de estrela, ideal para decorar bolos.<\/p>\n","protected":false},"featured_media":69607,"template":"","meta":[],"product_cat":[2961],"product_tag":[],"class_list":{"0":"post-64929","1":"product","2":"type-product","3":"status-publish","4":"has-post-thumbnail","6":"product_cat-pastelaria-granulados-e-confettis","8":"first","9":"onbackorder","10":"taxable","11":"shipping-taxable","12":"product-type-simple","13":"add-to-wishlist-before_image","14":"col-xs-6 col-sm-4","15":"col-md-3 col-lg-3","16":"un-4-cols"},"_links":{"self":[{"href":"https:\/\/smfoods.pt\/loja\/wp-json\/wp\/v2\/product\/64929","targetHints":{"allow":["GET"]}}],"collection":[{"href":"https:\/\/smfoods.pt\/loja\/wp-json\/wp\/v2\/product"}],"about":[{"href":"https:\/\/smfoods.pt\/loja\/wp-json\/wp\/v2\/types\/product"}],"version-history":[{"count":1,"href":"https:\/\/smfoods.pt\/loja\/wp-json\/wp\/v2\/product\/64929\/revisions"}],"predecessor-version":[{"id":71150,"href":"https:\/\/smfoods.pt\/loja\/wp-json\/wp\/v2\/product\/64929\/revisions\/71150"}],"wp:featuredmedia":[{"embeddable":true,"href":"https:\/\/smfoods.pt\/loja\/wp-json\/wp\/v2\/media\/69607"}],"wp:attachment":[{"href":"https:\/\/smfoods.pt\/loja\/wp-json\/wp\/v2\/media?parent=64929"}],"wp:term":[{"taxonomy":"product_cat","embeddable":true,"href":"https:\/\/smfoods.pt\/loja\/wp-json\/wp\/v2\/product_cat?post=64929"},{"taxonomy":"product_tag","embeddable":true,"href":"https:\/\/smfoods.pt\/loja\/wp-json\/wp\/v2\/product_tag?post=64929"}],"curies":[{"name":"wp","href":"https:\/\/api.w.org\/{rel}","templated":true}]}}