
{"id":64946,"date":"2023-01-27T10:13:49","date_gmt":"2023-01-27T10:13:49","guid":{"rendered":"https:\/\/smfoods.pt\/loja\/produto\/424078-sweet-lace-em-po-200gr\/"},"modified":"2024-03-04T15:13:19","modified_gmt":"2024-03-04T15:13:19","slug":"424078-sweet-lace-em-po-200gr","status":"publish","type":"product","link":"https:\/\/smfoods.pt\/loja\/produto\/424078-sweet-lace-em-po-200gr\/","title":{"rendered":"Sweet Lace em p\u00f3 200gr"},"content":{"rendered":"<p><strong>Observa\u00e7\u00f5es: <\/strong>Ideal para fazer rendas.<\/p>\n","protected":false},"excerpt":{"rendered":"<p>Observa\u00e7\u00f5es: Ideal para fazer rendas.<\/p>\n","protected":false},"featured_media":69608,"template":"","meta":[],"product_cat":[2963],"product_tag":[],"class_list":{"0":"post-64946","1":"product","2":"type-product","3":"status-publish","4":"has-post-thumbnail","6":"product_cat-pastelaria-ingredientes","8":"first","9":"onbackorder","10":"taxable","11":"shipping-taxable","12":"product-type-simple","13":"add-to-wishlist-before_image","14":"col-xs-6 col-sm-4","15":"col-md-3 col-lg-3","16":"un-4-cols"},"_links":{"self":[{"href":"https:\/\/smfoods.pt\/loja\/wp-json\/wp\/v2\/product\/64946","targetHints":{"allow":["GET"]}}],"collection":[{"href":"https:\/\/smfoods.pt\/loja\/wp-json\/wp\/v2\/product"}],"about":[{"href":"https:\/\/smfoods.pt\/loja\/wp-json\/wp\/v2\/types\/product"}],"version-history":[{"count":1,"href":"https:\/\/smfoods.pt\/loja\/wp-json\/wp\/v2\/product\/64946\/revisions"}],"predecessor-version":[{"id":71701,"href":"https:\/\/smfoods.pt\/loja\/wp-json\/wp\/v2\/product\/64946\/revisions\/71701"}],"wp:featuredmedia":[{"embeddable":true,"href":"https:\/\/smfoods.pt\/loja\/wp-json\/wp\/v2\/media\/69608"}],"wp:attachment":[{"href":"https:\/\/smfoods.pt\/loja\/wp-json\/wp\/v2\/media?parent=64946"}],"wp:term":[{"taxonomy":"product_cat","embeddable":true,"href":"https:\/\/smfoods.pt\/loja\/wp-json\/wp\/v2\/product_cat?post=64946"},{"taxonomy":"product_tag","embeddable":true,"href":"https:\/\/smfoods.pt\/loja\/wp-json\/wp\/v2\/product_tag?post=64946"}],"curies":[{"name":"wp","href":"https:\/\/api.w.org\/{rel}","templated":true}]}}