
{"id":65020,"date":"2023-01-27T10:15:00","date_gmt":"2023-01-27T10:15:00","guid":{"rendered":"https:\/\/smfoods.pt\/loja\/produto\/600128-bolacha-granulada-5-11mm-1-kg\/"},"modified":"2024-03-04T15:16:14","modified_gmt":"2024-03-04T15:16:14","slug":"600128-bolacha-granulada-5-11mm-1-kg","status":"publish","type":"product","link":"https:\/\/smfoods.pt\/loja\/produto\/600128-bolacha-granulada-5-11mm-1-kg\/","title":{"rendered":"Bolacha Granulada (5-11mm) 1 Kg"},"content":{"rendered":"<p><strong>Observa\u00e7\u00f5es: <\/strong>Peda\u00e7os de bolacha de manteiga. Ideal para sobremesas e pastelaria.<\/p>\n","protected":false},"excerpt":{"rendered":"<p>Observa\u00e7\u00f5es: Peda\u00e7os de bolacha de manteiga. Ideal para sobremesas e pastelaria.<\/p>\n","protected":false},"featured_media":69668,"template":"","meta":[],"product_cat":[2929,2930],"product_tag":[],"class_list":{"0":"post-65020","1":"product","2":"type-product","3":"status-publish","4":"has-post-thumbnail","6":"product_cat-pastelaria-bolachas-e-hostias","7":"product_cat-gelataria-bolachas-e-hostias","9":"first","10":"instock","11":"taxable","12":"shipping-taxable","13":"product-type-simple","14":"add-to-wishlist-before_image","15":"col-xs-6 col-sm-4","16":"col-md-3 col-lg-3","17":"un-4-cols"},"_links":{"self":[{"href":"https:\/\/smfoods.pt\/loja\/wp-json\/wp\/v2\/product\/65020","targetHints":{"allow":["GET"]}}],"collection":[{"href":"https:\/\/smfoods.pt\/loja\/wp-json\/wp\/v2\/product"}],"about":[{"href":"https:\/\/smfoods.pt\/loja\/wp-json\/wp\/v2\/types\/product"}],"version-history":[{"count":2,"href":"https:\/\/smfoods.pt\/loja\/wp-json\/wp\/v2\/product\/65020\/revisions"}],"predecessor-version":[{"id":71154,"href":"https:\/\/smfoods.pt\/loja\/wp-json\/wp\/v2\/product\/65020\/revisions\/71154"}],"wp:featuredmedia":[{"embeddable":true,"href":"https:\/\/smfoods.pt\/loja\/wp-json\/wp\/v2\/media\/69668"}],"wp:attachment":[{"href":"https:\/\/smfoods.pt\/loja\/wp-json\/wp\/v2\/media?parent=65020"}],"wp:term":[{"taxonomy":"product_cat","embeddable":true,"href":"https:\/\/smfoods.pt\/loja\/wp-json\/wp\/v2\/product_cat?post=65020"},{"taxonomy":"product_tag","embeddable":true,"href":"https:\/\/smfoods.pt\/loja\/wp-json\/wp\/v2\/product_tag?post=65020"}],"curies":[{"name":"wp","href":"https:\/\/api.w.org\/{rel}","templated":true}]}}