
{"id":65023,"date":"2023-01-27T10:15:02","date_gmt":"2023-01-27T10:15:02","guid":{"rendered":"https:\/\/smfoods.pt\/loja\/produto\/600129-bolacha-negra-granulada-5-11mm-1-kg\/"},"modified":"2023-03-27T15:36:43","modified_gmt":"2023-03-27T15:36:43","slug":"600129-bolacha-negra-granulada-5-11mm-1-kg","status":"publish","type":"product","link":"https:\/\/smfoods.pt\/loja\/produto\/600129-bolacha-negra-granulada-5-11mm-1-kg\/","title":{"rendered":"Bolacha Negra Granulada (5-11mm) 1 Kg"},"content":{"rendered":"<p><strong>Observa\u00e7\u00f5es: <\/strong>Peda\u00e7os de bolacha negra tipo oreo. Ideal para sobremesas e pastelaria.<\/p>\n","protected":false},"excerpt":{"rendered":"<p>Observa\u00e7\u00f5es: Peda\u00e7os de bolacha negra tipo oreo. Ideal para sobremesas e pastelaria.<\/p>\n","protected":false},"featured_media":69910,"template":"","meta":[],"product_cat":[2929,2930,2918],"product_tag":[],"class_list":{"0":"post-65023","1":"product","2":"type-product","3":"status-publish","4":"has-post-thumbnail","6":"product_cat-pastelaria-bolachas-e-hostias","7":"product_cat-gelataria-bolachas-e-hostias","8":"product_cat-pastelaria-pascoa","10":"first","11":"instock","12":"taxable","13":"shipping-taxable","14":"product-type-simple","15":"add-to-wishlist-before_image","16":"col-xs-6 col-sm-4","17":"col-md-3 col-lg-3","18":"un-4-cols"},"_links":{"self":[{"href":"https:\/\/smfoods.pt\/loja\/wp-json\/wp\/v2\/product\/65023","targetHints":{"allow":["GET"]}}],"collection":[{"href":"https:\/\/smfoods.pt\/loja\/wp-json\/wp\/v2\/product"}],"about":[{"href":"https:\/\/smfoods.pt\/loja\/wp-json\/wp\/v2\/types\/product"}],"version-history":[{"count":2,"href":"https:\/\/smfoods.pt\/loja\/wp-json\/wp\/v2\/product\/65023\/revisions"}],"predecessor-version":[{"id":71156,"href":"https:\/\/smfoods.pt\/loja\/wp-json\/wp\/v2\/product\/65023\/revisions\/71156"}],"wp:featuredmedia":[{"embeddable":true,"href":"https:\/\/smfoods.pt\/loja\/wp-json\/wp\/v2\/media\/69910"}],"wp:attachment":[{"href":"https:\/\/smfoods.pt\/loja\/wp-json\/wp\/v2\/media?parent=65023"}],"wp:term":[{"taxonomy":"product_cat","embeddable":true,"href":"https:\/\/smfoods.pt\/loja\/wp-json\/wp\/v2\/product_cat?post=65023"},{"taxonomy":"product_tag","embeddable":true,"href":"https:\/\/smfoods.pt\/loja\/wp-json\/wp\/v2\/product_tag?post=65023"}],"curies":[{"name":"wp","href":"https:\/\/api.w.org\/{rel}","templated":true}]}}