
{"id":65027,"date":"2023-01-27T10:15:07","date_gmt":"2023-01-27T10:15:07","guid":{"rendered":"https:\/\/smfoods.pt\/loja\/produto\/700016-bebida-concentrada-laranja-betaville-5l\/"},"modified":"2024-03-04T15:04:02","modified_gmt":"2024-03-04T15:04:02","slug":"700016-bebida-concentrada-laranja-betaville-5l","status":"publish","type":"product","link":"https:\/\/smfoods.pt\/loja\/produto\/700016-bebida-concentrada-laranja-betaville-5l\/","title":{"rendered":"Bebida Concentrada Laranja Betaville 5L"},"content":{"rendered":"<p><strong>Observa\u00e7\u00f5es: <\/strong>Bebida Concentrada. Produto congelado.<br \/>\nReceita: 1 L Concentrado + 10L \u00c1gua<br \/>\nProduto congelado -18.<\/p>\n","protected":false},"excerpt":{"rendered":"<p>Observa\u00e7\u00f5es: Bebida Concentrada. Produto congelado. Receita: 1 L Concentrado + 10L \u00c1gua Produto congelado -18.<\/p>\n","protected":false},"featured_media":70166,"template":"","meta":[],"product_cat":[2928],"product_tag":[],"class_list":{"0":"post-65027","1":"product","2":"type-product","3":"status-publish","4":"has-post-thumbnail","6":"product_cat-restauracao-bebidas","8":"first","9":"onbackorder","10":"taxable","11":"shipping-taxable","12":"product-type-simple","13":"add-to-wishlist-before_image","14":"col-xs-6 col-sm-4","15":"col-md-3 col-lg-3","16":"un-4-cols"},"_links":{"self":[{"href":"https:\/\/smfoods.pt\/loja\/wp-json\/wp\/v2\/product\/65027","targetHints":{"allow":["GET"]}}],"collection":[{"href":"https:\/\/smfoods.pt\/loja\/wp-json\/wp\/v2\/product"}],"about":[{"href":"https:\/\/smfoods.pt\/loja\/wp-json\/wp\/v2\/types\/product"}],"version-history":[{"count":1,"href":"https:\/\/smfoods.pt\/loja\/wp-json\/wp\/v2\/product\/65027\/revisions"}],"predecessor-version":[{"id":72284,"href":"https:\/\/smfoods.pt\/loja\/wp-json\/wp\/v2\/product\/65027\/revisions\/72284"}],"wp:featuredmedia":[{"embeddable":true,"href":"https:\/\/smfoods.pt\/loja\/wp-json\/wp\/v2\/media\/70166"}],"wp:attachment":[{"href":"https:\/\/smfoods.pt\/loja\/wp-json\/wp\/v2\/media?parent=65027"}],"wp:term":[{"taxonomy":"product_cat","embeddable":true,"href":"https:\/\/smfoods.pt\/loja\/wp-json\/wp\/v2\/product_cat?post=65027"},{"taxonomy":"product_tag","embeddable":true,"href":"https:\/\/smfoods.pt\/loja\/wp-json\/wp\/v2\/product_tag?post=65027"}],"curies":[{"name":"wp","href":"https:\/\/api.w.org\/{rel}","templated":true}]}}