
{"id":65049,"date":"2023-01-27T10:15:29","date_gmt":"2023-01-27T10:15:29","guid":{"rendered":"https:\/\/smfoods.pt\/loja\/produto\/53380-malha-de-creme-com-pepitas-chocolate-40x100gr\/"},"modified":"2023-03-27T15:36:24","modified_gmt":"2023-03-27T15:36:24","slug":"53380-malha-de-creme-com-pepitas-chocolate-40x100gr","status":"publish","type":"product","link":"https:\/\/smfoods.pt\/loja\/produto\/53380-malha-de-creme-com-pepitas-chocolate-40x100gr\/","title":{"rendered":"Malha de Creme com Pepitas Chocolate 40x100gr"},"content":{"rendered":"<p><strong>Observa\u00e7\u00f5es: <\/strong>Deliciosa massa folhada em formato de malha com recheio creme pasteleiro e pepitas de chocolate. Modo Prepara\u00e7\u00e3o: Cozer 20 minutos a 190 \u00ba.<\/p>\n","protected":false},"excerpt":{"rendered":"<p>Observa\u00e7\u00f5es: Deliciosa massa folhada em formato de malha com recheio creme pasteleiro e pepitas de chocolate. Modo Prepara\u00e7\u00e3o: Cozer 20 minutos a 190 \u00ba.<\/p>\n","protected":false},"featured_media":69667,"template":"","meta":[],"product_cat":[3052],"product_tag":[],"class_list":{"0":"post-65049","1":"product","2":"type-product","3":"status-publish","4":"has-post-thumbnail","6":"product_cat-frozen-pastelaria-croissanteria","8":"first","9":"instock","10":"taxable","11":"shipping-taxable","12":"product-type-simple","13":"add-to-wishlist-before_image","14":"col-xs-6 col-sm-4","15":"col-md-3 col-lg-3","16":"un-4-cols"},"_links":{"self":[{"href":"https:\/\/smfoods.pt\/loja\/wp-json\/wp\/v2\/product\/65049","targetHints":{"allow":["GET"]}}],"collection":[{"href":"https:\/\/smfoods.pt\/loja\/wp-json\/wp\/v2\/product"}],"about":[{"href":"https:\/\/smfoods.pt\/loja\/wp-json\/wp\/v2\/types\/product"}],"version-history":[{"count":1,"href":"https:\/\/smfoods.pt\/loja\/wp-json\/wp\/v2\/product\/65049\/revisions"}],"predecessor-version":[{"id":71724,"href":"https:\/\/smfoods.pt\/loja\/wp-json\/wp\/v2\/product\/65049\/revisions\/71724"}],"wp:featuredmedia":[{"embeddable":true,"href":"https:\/\/smfoods.pt\/loja\/wp-json\/wp\/v2\/media\/69667"}],"wp:attachment":[{"href":"https:\/\/smfoods.pt\/loja\/wp-json\/wp\/v2\/media?parent=65049"}],"wp:term":[{"taxonomy":"product_cat","embeddable":true,"href":"https:\/\/smfoods.pt\/loja\/wp-json\/wp\/v2\/product_cat?post=65049"},{"taxonomy":"product_tag","embeddable":true,"href":"https:\/\/smfoods.pt\/loja\/wp-json\/wp\/v2\/product_tag?post=65049"}],"curies":[{"name":"wp","href":"https:\/\/api.w.org\/{rel}","templated":true}]}}