
{"id":65053,"date":"2023-01-27T10:15:33","date_gmt":"2023-01-27T10:15:33","guid":{"rendered":"https:\/\/smfoods.pt\/loja\/produto\/53304-tarte-crumble-maca-individual-100x50gr\/"},"modified":"2024-03-04T15:50:33","modified_gmt":"2024-03-04T15:50:33","slug":"53304-tarte-crumble-maca-individual-100x50gr","status":"publish","type":"product","link":"https:\/\/smfoods.pt\/loja\/produto\/53304-tarte-crumble-maca-individual-100x50gr\/","title":{"rendered":"Tarte Crumble Ma\u00e7\u00e3 Individual 100x50gr"},"content":{"rendered":"<p><strong>Observa\u00e7\u00f5es: <\/strong>POR\u00c7\u00d5ES INDIVIDUAIS.<br \/>\nFresco e saboroso peda\u00e7o de tarte com peda\u00e7os de ma\u00e7\u00e3 (30%) e decorado com crocante (20%)! Tarte de sucesso ao longo dos anos, apreciada<br \/>\npor seu sabor inesquec\u00edvel. Modo de Prepara\u00e7\u00e3o: S\u00f3 descongelar<\/p>\n","protected":false},"excerpt":{"rendered":"<p>Observa\u00e7\u00f5es: POR\u00c7\u00d5ES INDIVIDUAIS. Fresco e saboroso peda\u00e7o de tarte com peda\u00e7os de ma\u00e7\u00e3 (30%) e decorado com crocante (20%)! Tarte de sucesso ao longo dos anos, apreciada por seu sabor inesquec\u00edvel. Modo de Prepara\u00e7\u00e3o: S\u00f3 descongelar<\/p>\n","protected":false},"featured_media":69897,"template":"","meta":[],"product_cat":[],"product_tag":[],"class_list":{"0":"post-65053","1":"product","2":"type-product","3":"status-publish","4":"has-post-thumbnail","7":"first","8":"instock","9":"taxable","10":"shipping-taxable","11":"product-type-simple","12":"add-to-wishlist-before_image","13":"col-xs-6 col-sm-4","14":"col-md-3 col-lg-3","15":"un-4-cols"},"_links":{"self":[{"href":"https:\/\/smfoods.pt\/loja\/wp-json\/wp\/v2\/product\/65053","targetHints":{"allow":["GET"]}}],"collection":[{"href":"https:\/\/smfoods.pt\/loja\/wp-json\/wp\/v2\/product"}],"about":[{"href":"https:\/\/smfoods.pt\/loja\/wp-json\/wp\/v2\/types\/product"}],"version-history":[{"count":1,"href":"https:\/\/smfoods.pt\/loja\/wp-json\/wp\/v2\/product\/65053\/revisions"}],"predecessor-version":[{"id":71875,"href":"https:\/\/smfoods.pt\/loja\/wp-json\/wp\/v2\/product\/65053\/revisions\/71875"}],"wp:featuredmedia":[{"embeddable":true,"href":"https:\/\/smfoods.pt\/loja\/wp-json\/wp\/v2\/media\/69897"}],"wp:attachment":[{"href":"https:\/\/smfoods.pt\/loja\/wp-json\/wp\/v2\/media?parent=65053"}],"wp:term":[{"taxonomy":"product_cat","embeddable":true,"href":"https:\/\/smfoods.pt\/loja\/wp-json\/wp\/v2\/product_cat?post=65053"},{"taxonomy":"product_tag","embeddable":true,"href":"https:\/\/smfoods.pt\/loja\/wp-json\/wp\/v2\/product_tag?post=65053"}],"curies":[{"name":"wp","href":"https:\/\/api.w.org\/{rel}","templated":true}]}}