
{"id":65067,"date":"2023-01-27T10:15:50","date_gmt":"2023-01-27T10:15:50","guid":{"rendered":"https:\/\/smfoods.pt\/loja\/produto\/chd-3d-22175e0-999-ovos-chocolates-lapidados-facette-egg-45-unid\/"},"modified":"2024-03-04T15:19:32","modified_gmt":"2024-03-04T15:19:32","slug":"chd-3d-22175e0-999-ovos-chocolates-lapidados-facette-egg-45-unid","status":"publish","type":"product","link":"https:\/\/smfoods.pt\/loja\/produto\/chd-3d-22175e0-999-ovos-chocolates-lapidados-facette-egg-45-unid\/","title":{"rendered":"Ovos Chocolates Lapidados Facette Egg (45 Unid)"},"content":{"rendered":"<p><strong>Observa\u00e7\u00f5es: <\/strong>Ovo de Chocolate Lapidado<br \/>\nDimens\u00f5es: 24x37mm<\/p>\n","protected":false},"excerpt":{"rendered":"<p>Observa\u00e7\u00f5es: Ovo de Chocolate Lapidado Dimens\u00f5es: 24x37mm<\/p>\n","protected":false},"featured_media":69715,"template":"","meta":[],"product_cat":[3054],"product_tag":[],"class_list":{"0":"post-65067","1":"product","2":"type-product","3":"status-publish","4":"has-post-thumbnail","6":"product_cat-pastelaria-chocolates-e-sucedaneos-decoracoes-chocolate","8":"first","9":"instock","10":"taxable","11":"shipping-taxable","12":"product-type-simple","13":"add-to-wishlist-before_image","14":"col-xs-6 col-sm-4","15":"col-md-3 col-lg-3","16":"un-4-cols"},"_links":{"self":[{"href":"https:\/\/smfoods.pt\/loja\/wp-json\/wp\/v2\/product\/65067","targetHints":{"allow":["GET"]}}],"collection":[{"href":"https:\/\/smfoods.pt\/loja\/wp-json\/wp\/v2\/product"}],"about":[{"href":"https:\/\/smfoods.pt\/loja\/wp-json\/wp\/v2\/types\/product"}],"version-history":[{"count":2,"href":"https:\/\/smfoods.pt\/loja\/wp-json\/wp\/v2\/product\/65067\/revisions"}],"predecessor-version":[{"id":71763,"href":"https:\/\/smfoods.pt\/loja\/wp-json\/wp\/v2\/product\/65067\/revisions\/71763"}],"wp:featuredmedia":[{"embeddable":true,"href":"https:\/\/smfoods.pt\/loja\/wp-json\/wp\/v2\/media\/69715"}],"wp:attachment":[{"href":"https:\/\/smfoods.pt\/loja\/wp-json\/wp\/v2\/media?parent=65067"}],"wp:term":[{"taxonomy":"product_cat","embeddable":true,"href":"https:\/\/smfoods.pt\/loja\/wp-json\/wp\/v2\/product_cat?post=65067"},{"taxonomy":"product_tag","embeddable":true,"href":"https:\/\/smfoods.pt\/loja\/wp-json\/wp\/v2\/product_tag?post=65067"}],"curies":[{"name":"wp","href":"https:\/\/api.w.org\/{rel}","templated":true}]}}