
{"id":65075,"date":"2023-01-27T10:15:58","date_gmt":"2023-01-27T10:15:58","guid":{"rendered":"https:\/\/smfoods.pt\/loja\/produto\/chd-cm-19755e7-99-sicao-copos-vasos-chocolate-negro-432-unid\/"},"modified":"2024-03-04T15:37:24","modified_gmt":"2024-03-04T15:37:24","slug":"chd-cm-19755e7-99-sicao-coposvasos-chocolate-negro-432-unid","status":"publish","type":"product","link":"https:\/\/smfoods.pt\/loja\/produto\/chd-cm-19755e7-99-sicao-coposvasos-chocolate-negro-432-unid\/","title":{"rendered":"SICAO Copos\/Vasos Chocolate Negro 432 unid."},"content":{"rendered":"<p><strong>Observa\u00e7\u00f5es: <\/strong>Medidas: 35x23x28 mm<\/p>\n<p>Min. cacau 48%<\/p>\n<p>Ingredientes: A\u00e7ucar, pasta de cacau, manteiga de cacau, emulsionante: lecitina de soja, aroma natural da baunilha.<br \/>\nPode conter Leite<\/p>\n","protected":false},"excerpt":{"rendered":"<p>Observa\u00e7\u00f5es: Medidas: 35x23x28 mm Min. cacau 48% Ingredientes: A\u00e7ucar, pasta de cacau, manteiga de cacau, emulsionante: lecitina de soja, aroma natural da baunilha. Pode conter Leite<\/p>\n","protected":false},"featured_media":69692,"template":"","meta":[],"product_cat":[3054],"product_tag":[],"class_list":{"0":"post-65075","1":"product","2":"type-product","3":"status-publish","4":"has-post-thumbnail","6":"product_cat-pastelaria-chocolates-e-sucedaneos-decoracoes-chocolate","8":"first","9":"instock","10":"taxable","11":"shipping-taxable","12":"product-type-simple","13":"add-to-wishlist-before_image","14":"col-xs-6 col-sm-4","15":"col-md-3 col-lg-3","16":"un-4-cols"},"_links":{"self":[{"href":"https:\/\/smfoods.pt\/loja\/wp-json\/wp\/v2\/product\/65075","targetHints":{"allow":["GET"]}}],"collection":[{"href":"https:\/\/smfoods.pt\/loja\/wp-json\/wp\/v2\/product"}],"about":[{"href":"https:\/\/smfoods.pt\/loja\/wp-json\/wp\/v2\/types\/product"}],"version-history":[{"count":1,"href":"https:\/\/smfoods.pt\/loja\/wp-json\/wp\/v2\/product\/65075\/revisions"}],"predecessor-version":[{"id":71234,"href":"https:\/\/smfoods.pt\/loja\/wp-json\/wp\/v2\/product\/65075\/revisions\/71234"}],"wp:featuredmedia":[{"embeddable":true,"href":"https:\/\/smfoods.pt\/loja\/wp-json\/wp\/v2\/media\/69692"}],"wp:attachment":[{"href":"https:\/\/smfoods.pt\/loja\/wp-json\/wp\/v2\/media?parent=65075"}],"wp:term":[{"taxonomy":"product_cat","embeddable":true,"href":"https:\/\/smfoods.pt\/loja\/wp-json\/wp\/v2\/product_cat?post=65075"},{"taxonomy":"product_tag","embeddable":true,"href":"https:\/\/smfoods.pt\/loja\/wp-json\/wp\/v2\/product_tag?post=65075"}],"curies":[{"name":"wp","href":"https:\/\/api.w.org\/{rel}","templated":true}]}}