
{"id":65077,"date":"2023-01-27T10:16:00","date_gmt":"2023-01-27T10:16:00","guid":{"rendered":"https:\/\/smfoods.pt\/loja\/produto\/chd-cm-21225e0-999-bubbly-gold-cups\/"},"modified":"2024-03-04T15:57:02","modified_gmt":"2024-03-04T15:57:02","slug":"chd-cm-21225e0-999-bubbly-gold-cups","status":"publish","type":"product","link":"https:\/\/smfoods.pt\/loja\/produto\/chd-cm-21225e0-999-bubbly-gold-cups\/","title":{"rendered":"Bubbly Gold Cups"},"content":{"rendered":"<p><strong>Observa\u00e7\u00f5es: <\/strong>Copinhos em chocolate puro, ideal para rechear. Dimens\u00f5es: Alt. 31mm X Diam. 65 mm. Capacidade: 60 ml. 28 unidades.<\/p>\n","protected":false},"excerpt":{"rendered":"<p>Observa\u00e7\u00f5es: Copinhos em chocolate puro, ideal para rechear. Dimens\u00f5es: Alt. 31mm X Diam. 65 mm. Capacidade: 60 ml. 28 unidades.<\/p>\n","protected":false},"featured_media":69812,"template":"","meta":[],"product_cat":[],"product_tag":[],"class_list":{"0":"post-65077","1":"product","2":"type-product","3":"status-publish","4":"has-post-thumbnail","7":"first","8":"onbackorder","9":"taxable","10":"shipping-taxable","11":"product-type-simple","12":"add-to-wishlist-before_image","13":"col-xs-6 col-sm-4","14":"col-md-3 col-lg-3","15":"un-4-cols"},"_links":{"self":[{"href":"https:\/\/smfoods.pt\/loja\/wp-json\/wp\/v2\/product\/65077","targetHints":{"allow":["GET"]}}],"collection":[{"href":"https:\/\/smfoods.pt\/loja\/wp-json\/wp\/v2\/product"}],"about":[{"href":"https:\/\/smfoods.pt\/loja\/wp-json\/wp\/v2\/types\/product"}],"version-history":[{"count":1,"href":"https:\/\/smfoods.pt\/loja\/wp-json\/wp\/v2\/product\/65077\/revisions"}],"predecessor-version":[{"id":71867,"href":"https:\/\/smfoods.pt\/loja\/wp-json\/wp\/v2\/product\/65077\/revisions\/71867"}],"wp:featuredmedia":[{"embeddable":true,"href":"https:\/\/smfoods.pt\/loja\/wp-json\/wp\/v2\/media\/69812"}],"wp:attachment":[{"href":"https:\/\/smfoods.pt\/loja\/wp-json\/wp\/v2\/media?parent=65077"}],"wp:term":[{"taxonomy":"product_cat","embeddable":true,"href":"https:\/\/smfoods.pt\/loja\/wp-json\/wp\/v2\/product_cat?post=65077"},{"taxonomy":"product_tag","embeddable":true,"href":"https:\/\/smfoods.pt\/loja\/wp-json\/wp\/v2\/product_tag?post=65077"}],"curies":[{"name":"wp","href":"https:\/\/api.w.org\/{rel}","templated":true}]}}