
{"id":65086,"date":"2023-01-27T10:16:08","date_gmt":"2023-01-27T10:16:08","guid":{"rendered":"https:\/\/smfoods.pt\/loja\/produto\/chd-gd-19844e0-999-coracao-rendado-heart-chocolat-monalisa-130-unid\/"},"modified":"2024-03-04T15:40:23","modified_gmt":"2024-03-04T15:40:23","slug":"chd-gd-19844e0-999-coracao-rendado-heart-chocolat-monalisa-130-unid","status":"publish","type":"product","link":"https:\/\/smfoods.pt\/loja\/produto\/chd-gd-19844e0-999-coracao-rendado-heart-chocolat-monalisa-130-unid\/","title":{"rendered":"Cora\u00e7\u00e3o Rendado\/ Heart Chocolat Monalisa (130 unid)"},"content":{"rendered":"<p><strong>Observa\u00e7\u00f5es: <\/strong>Renda de chocolate em forma de cora\u00e7\u00e3o, ideal para decorar sobremesas e bolos.<\/p>\n","protected":false},"excerpt":{"rendered":"<p>Observa\u00e7\u00f5es: Renda de chocolate em forma de cora\u00e7\u00e3o, ideal para decorar sobremesas e bolos.<\/p>\n","protected":false},"featured_media":69777,"template":"","meta":[],"product_cat":[3054],"product_tag":[],"class_list":{"0":"post-65086","1":"product","2":"type-product","3":"status-publish","4":"has-post-thumbnail","6":"product_cat-pastelaria-chocolates-e-sucedaneos-decoracoes-chocolate","8":"first","9":"onbackorder","10":"taxable","11":"shipping-taxable","12":"product-type-simple","13":"add-to-wishlist-before_image","14":"col-xs-6 col-sm-4","15":"col-md-3 col-lg-3","16":"un-4-cols"},"_links":{"self":[{"href":"https:\/\/smfoods.pt\/loja\/wp-json\/wp\/v2\/product\/65086","targetHints":{"allow":["GET"]}}],"collection":[{"href":"https:\/\/smfoods.pt\/loja\/wp-json\/wp\/v2\/product"}],"about":[{"href":"https:\/\/smfoods.pt\/loja\/wp-json\/wp\/v2\/types\/product"}],"version-history":[{"count":2,"href":"https:\/\/smfoods.pt\/loja\/wp-json\/wp\/v2\/product\/65086\/revisions"}],"predecessor-version":[{"id":71793,"href":"https:\/\/smfoods.pt\/loja\/wp-json\/wp\/v2\/product\/65086\/revisions\/71793"}],"wp:featuredmedia":[{"embeddable":true,"href":"https:\/\/smfoods.pt\/loja\/wp-json\/wp\/v2\/media\/69777"}],"wp:attachment":[{"href":"https:\/\/smfoods.pt\/loja\/wp-json\/wp\/v2\/media?parent=65086"}],"wp:term":[{"taxonomy":"product_cat","embeddable":true,"href":"https:\/\/smfoods.pt\/loja\/wp-json\/wp\/v2\/product_cat?post=65086"},{"taxonomy":"product_tag","embeddable":true,"href":"https:\/\/smfoods.pt\/loja\/wp-json\/wp\/v2\/product_tag?post=65086"}],"curies":[{"name":"wp","href":"https:\/\/api.w.org\/{rel}","templated":true}]}}