
{"id":65094,"date":"2023-01-27T10:16:16","date_gmt":"2023-01-27T10:16:16","guid":{"rendered":"https:\/\/smfoods.pt\/loja\/produto\/chd-p64ebpu-e5-u72-cobertura-negra-guayaquil-64-5kg-cacao-barry\/"},"modified":"2024-03-04T15:02:51","modified_gmt":"2024-03-04T15:02:51","slug":"chd-p64ebpu-e5-u72-cobertura-negra-guayaquil-64-5kg-cacao-barry","status":"publish","type":"product","link":"https:\/\/smfoods.pt\/loja\/produto\/chd-p64ebpu-e5-u72-cobertura-negra-guayaquil-64-5kg-cacao-barry\/","title":{"rendered":"Cobertura Negra Guayaquil 64% 5Kg Cacao Barry"},"content":{"rendered":"<p><strong>Observa\u00e7\u00f5es: <\/strong>Pastilha Extra Bitter Monoorigem Equador &#8211; 4 gotas fluidez.<br \/>\n64% Cacau e 40,90% Mat\u00e9ria Gorda.<br \/>\nIdeal para: Moldes, Banhos e Recheios.<\/p>\n","protected":false},"excerpt":{"rendered":"<p>Observa\u00e7\u00f5es: Pastilha Extra Bitter Monoorigem Equador &#8211; 4 gotas fluidez. 64% Cacau e 40,90% Mat\u00e9ria Gorda. Ideal para: Moldes, Banhos e Recheios.<\/p>\n","protected":false},"featured_media":69723,"template":"","meta":[],"product_cat":[2936,3050],"product_tag":[],"class_list":{"0":"post-65094","1":"product","2":"type-product","3":"status-publish","4":"has-post-thumbnail","6":"product_cat-pastelaria-chocolates-e-sucedaneos","7":"product_cat-pastelaria-chocolates-e-sucedaneos-chocolates-puros","9":"first","10":"instock","11":"taxable","12":"shipping-taxable","13":"product-type-simple","14":"add-to-wishlist-before_image","15":"col-xs-6 col-sm-4","16":"col-md-3 col-lg-3","17":"un-4-cols"},"_links":{"self":[{"href":"https:\/\/smfoods.pt\/loja\/wp-json\/wp\/v2\/product\/65094","targetHints":{"allow":["GET"]}}],"collection":[{"href":"https:\/\/smfoods.pt\/loja\/wp-json\/wp\/v2\/product"}],"about":[{"href":"https:\/\/smfoods.pt\/loja\/wp-json\/wp\/v2\/types\/product"}],"version-history":[{"count":2,"href":"https:\/\/smfoods.pt\/loja\/wp-json\/wp\/v2\/product\/65094\/revisions"}],"predecessor-version":[{"id":71099,"href":"https:\/\/smfoods.pt\/loja\/wp-json\/wp\/v2\/product\/65094\/revisions\/71099"}],"wp:featuredmedia":[{"embeddable":true,"href":"https:\/\/smfoods.pt\/loja\/wp-json\/wp\/v2\/media\/69723"}],"wp:attachment":[{"href":"https:\/\/smfoods.pt\/loja\/wp-json\/wp\/v2\/media?parent=65094"}],"wp:term":[{"taxonomy":"product_cat","embeddable":true,"href":"https:\/\/smfoods.pt\/loja\/wp-json\/wp\/v2\/product_cat?post=65094"},{"taxonomy":"product_tag","embeddable":true,"href":"https:\/\/smfoods.pt\/loja\/wp-json\/wp\/v2\/product_tag?post=65094"}],"curies":[{"name":"wp","href":"https:\/\/api.w.org\/{rel}","templated":true}]}}