
{"id":65106,"date":"2023-01-27T10:16:27","date_gmt":"2023-01-27T10:16:27","guid":{"rendered":"https:\/\/smfoods.pt\/loja\/produto\/chd-q58miam-804-cobertura-negra-mi-amere-58-20kg-cacao-barry\/"},"modified":"2024-03-04T15:03:15","modified_gmt":"2024-03-04T15:03:15","slug":"chd-q58miam-804-cobertura-negra-mi-amere-58-20kg-cacao-barry","status":"publish","type":"product","link":"https:\/\/smfoods.pt\/loja\/produto\/chd-q58miam-804-cobertura-negra-mi-amere-58-20kg-cacao-barry\/","title":{"rendered":"Cobertura Negra Mi-Amere 58% 20Kg Cacao Barry"},"content":{"rendered":"<p><strong>Observa\u00e7\u00f5es: <\/strong>Pastilha 3 gotas fluidez<\/p>\n<p>58% Cacau e 38% Mat\u00e9ira Gorda<\/p>\n<p>Ideal para: Moldes, Banhos e Recheios<\/p>\n","protected":false},"excerpt":{"rendered":"<p>Observa\u00e7\u00f5es: Pastilha 3 gotas fluidez 58% Cacau e 38% Mat\u00e9ira Gorda Ideal para: Moldes, Banhos e Recheios<\/p>\n","protected":false},"featured_media":69792,"template":"","meta":[],"product_cat":[2936,3050],"product_tag":[],"class_list":{"0":"post-65106","1":"product","2":"type-product","3":"status-publish","4":"has-post-thumbnail","6":"product_cat-pastelaria-chocolates-e-sucedaneos","7":"product_cat-pastelaria-chocolates-e-sucedaneos-chocolates-puros","9":"first","10":"instock","11":"taxable","12":"shipping-taxable","13":"product-type-simple","14":"add-to-wishlist-before_image","15":"col-xs-6 col-sm-4","16":"col-md-3 col-lg-3","17":"un-4-cols"},"_links":{"self":[{"href":"https:\/\/smfoods.pt\/loja\/wp-json\/wp\/v2\/product\/65106","targetHints":{"allow":["GET"]}}],"collection":[{"href":"https:\/\/smfoods.pt\/loja\/wp-json\/wp\/v2\/product"}],"about":[{"href":"https:\/\/smfoods.pt\/loja\/wp-json\/wp\/v2\/types\/product"}],"version-history":[{"count":2,"href":"https:\/\/smfoods.pt\/loja\/wp-json\/wp\/v2\/product\/65106\/revisions"}],"predecessor-version":[{"id":71746,"href":"https:\/\/smfoods.pt\/loja\/wp-json\/wp\/v2\/product\/65106\/revisions\/71746"}],"wp:featuredmedia":[{"embeddable":true,"href":"https:\/\/smfoods.pt\/loja\/wp-json\/wp\/v2\/media\/69792"}],"wp:attachment":[{"href":"https:\/\/smfoods.pt\/loja\/wp-json\/wp\/v2\/media?parent=65106"}],"wp:term":[{"taxonomy":"product_cat","embeddable":true,"href":"https:\/\/smfoods.pt\/loja\/wp-json\/wp\/v2\/product_cat?post=65106"},{"taxonomy":"product_tag","embeddable":true,"href":"https:\/\/smfoods.pt\/loja\/wp-json\/wp\/v2\/product_tag?post=65106"}],"curies":[{"name":"wp","href":"https:\/\/api.w.org\/{rel}","templated":true}]}}