
{"id":65156,"date":"2023-01-27T10:17:16","date_gmt":"2023-01-27T10:17:16","guid":{"rendered":"https:\/\/smfoods.pt\/loja\/produto\/chm-p38-d38-sicao-pastilha-pura-easymelt-milk-leite-38-2x5kg\/"},"modified":"2024-03-04T15:03:51","modified_gmt":"2024-03-04T15:03:51","slug":"chm-p38-d38-sicao-pastilha-pura-easymelt-milkleite-38-2x5kg","status":"publish","type":"product","link":"https:\/\/smfoods.pt\/loja\/produto\/chm-p38-d38-sicao-pastilha-pura-easymelt-milkleite-38-2x5kg\/","title":{"rendered":"SICAO Pastilha Pura Easymelt Milk\/Leite 38% (2x5Kg)"},"content":{"rendered":"<p><strong>Observa\u00e7\u00f5es: <\/strong>Pastilha de Chocolate Puro de Leite 38%.<br \/>\nIngredientes: A\u00e7\u00facar, manteiga de cacau, leite em p\u00f3 gordo, pasta de cacau, soro de leite, emulsionante: lecitina de soja, aroma natura de baunilha.<\/p>\n","protected":false},"excerpt":{"rendered":"<p>Observa\u00e7\u00f5es: Pastilha de Chocolate Puro de Leite 38%. Ingredientes: A\u00e7\u00facar, manteiga de cacau, leite em p\u00f3 gordo, pasta de cacau, soro de leite, emulsionante: lecitina de soja, aroma natura de baunilha.<\/p>\n","protected":false},"featured_media":69797,"template":"","meta":[],"product_cat":[3050],"product_tag":[],"class_list":{"0":"post-65156","1":"product","2":"type-product","3":"status-publish","4":"has-post-thumbnail","6":"product_cat-pastelaria-chocolates-e-sucedaneos-chocolates-puros","8":"first","9":"instock","10":"taxable","11":"shipping-taxable","12":"product-type-simple","13":"add-to-wishlist-before_image","14":"col-xs-6 col-sm-4","15":"col-md-3 col-lg-3","16":"un-4-cols"},"_links":{"self":[{"href":"https:\/\/smfoods.pt\/loja\/wp-json\/wp\/v2\/product\/65156","targetHints":{"allow":["GET"]}}],"collection":[{"href":"https:\/\/smfoods.pt\/loja\/wp-json\/wp\/v2\/product"}],"about":[{"href":"https:\/\/smfoods.pt\/loja\/wp-json\/wp\/v2\/types\/product"}],"version-history":[{"count":2,"href":"https:\/\/smfoods.pt\/loja\/wp-json\/wp\/v2\/product\/65156\/revisions"}],"predecessor-version":[{"id":71194,"href":"https:\/\/smfoods.pt\/loja\/wp-json\/wp\/v2\/product\/65156\/revisions\/71194"}],"wp:featuredmedia":[{"embeddable":true,"href":"https:\/\/smfoods.pt\/loja\/wp-json\/wp\/v2\/media\/69797"}],"wp:attachment":[{"href":"https:\/\/smfoods.pt\/loja\/wp-json\/wp\/v2\/media?parent=65156"}],"wp:term":[{"taxonomy":"product_cat","embeddable":true,"href":"https:\/\/smfoods.pt\/loja\/wp-json\/wp\/v2\/product_cat?post=65156"},{"taxonomy":"product_tag","embeddable":true,"href":"https:\/\/smfoods.pt\/loja\/wp-json\/wp\/v2\/product_tag?post=65156"}],"curies":[{"name":"wp","href":"https:\/\/api.w.org\/{rel}","templated":true}]}}