
{"id":65184,"date":"2023-01-27T10:17:43","date_gmt":"2023-01-27T10:17:43","guid":{"rendered":"https:\/\/smfoods.pt\/loja\/produto\/chw-r28-557-sicao-pastilha-pura-easymelt-while-branco-29-25-kg\/"},"modified":"2024-03-04T15:01:24","modified_gmt":"2024-03-04T15:01:24","slug":"chw-r28-557-sicao-pastilha-pura-easymelt-whilebranco-29-25-kg","status":"publish","type":"product","link":"https:\/\/smfoods.pt\/loja\/produto\/chw-r28-557-sicao-pastilha-pura-easymelt-whilebranco-29-25-kg\/","title":{"rendered":"SICAO Pastilha Pura Easymelt While\/Branco 29% (2,5 Kg)"},"content":{"rendered":"<p><strong>Observa\u00e7\u00f5es: <\/strong>Pastilha de Chocolate Puro Branco 28%.<br \/>\nIngredientes: a\u00e7ucar, manteiga de cacau, leite em p\u00f3 gordo, lactose (leite), emulsionantes: lecitina de soja, aroma natural de baunilha.<\/p>\n","protected":false},"excerpt":{"rendered":"<p>Observa\u00e7\u00f5es: Pastilha de Chocolate Puro Branco 28%. Ingredientes: a\u00e7ucar, manteiga de cacau, leite em p\u00f3 gordo, lactose (leite), emulsionantes: lecitina de soja, aroma natural de baunilha.<\/p>\n","protected":false},"featured_media":69761,"template":"","meta":[],"product_cat":[3050],"product_tag":[],"class_list":{"0":"post-65184","1":"product","2":"type-product","3":"status-publish","4":"has-post-thumbnail","6":"product_cat-pastelaria-chocolates-e-sucedaneos-chocolates-puros","8":"first","9":"instock","10":"taxable","11":"shipping-taxable","12":"product-type-simple","13":"add-to-wishlist-before_image","14":"col-xs-6 col-sm-4","15":"col-md-3 col-lg-3","16":"un-4-cols"},"_links":{"self":[{"href":"https:\/\/smfoods.pt\/loja\/wp-json\/wp\/v2\/product\/65184","targetHints":{"allow":["GET"]}}],"collection":[{"href":"https:\/\/smfoods.pt\/loja\/wp-json\/wp\/v2\/product"}],"about":[{"href":"https:\/\/smfoods.pt\/loja\/wp-json\/wp\/v2\/types\/product"}],"version-history":[{"count":2,"href":"https:\/\/smfoods.pt\/loja\/wp-json\/wp\/v2\/product\/65184\/revisions"}],"predecessor-version":[{"id":71358,"href":"https:\/\/smfoods.pt\/loja\/wp-json\/wp\/v2\/product\/65184\/revisions\/71358"}],"wp:featuredmedia":[{"embeddable":true,"href":"https:\/\/smfoods.pt\/loja\/wp-json\/wp\/v2\/media\/69761"}],"wp:attachment":[{"href":"https:\/\/smfoods.pt\/loja\/wp-json\/wp\/v2\/media?parent=65184"}],"wp:term":[{"taxonomy":"product_cat","embeddable":true,"href":"https:\/\/smfoods.pt\/loja\/wp-json\/wp\/v2\/product_cat?post=65184"},{"taxonomy":"product_tag","embeddable":true,"href":"https:\/\/smfoods.pt\/loja\/wp-json\/wp\/v2\/product_tag?post=65184"}],"curies":[{"name":"wp","href":"https:\/\/api.w.org\/{rel}","templated":true}]}}