
{"id":65196,"date":"2023-01-27T10:17:55","date_gmt":"2023-01-27T10:17:55","guid":{"rendered":"https:\/\/smfoods.pt\/loja\/produto\/chx-pr-19888e0-999-pintainhos-chocolate-em-casca-chocolate-240-unid\/"},"modified":"2024-03-04T15:50:09","modified_gmt":"2024-03-04T15:50:09","slug":"chx-pr-19888e0-999-pintainhos-chocolate-em-casca-chocolate-240-unid","status":"publish","type":"product","link":"https:\/\/smfoods.pt\/loja\/produto\/chx-pr-19888e0-999-pintainhos-chocolate-em-casca-chocolate-240-unid\/","title":{"rendered":"Pintainhos Chocolate em casca Chocolate 240 unid."},"content":{"rendered":"<p><strong>Observa\u00e7\u00f5es: <\/strong>Pintainhos de chocolate para decora\u00e7\u00e3o.<br \/>\nDimens\u00f5es: 32x 35m<\/p>\n","protected":false},"excerpt":{"rendered":"<p>Observa\u00e7\u00f5es: Pintainhos de chocolate para decora\u00e7\u00e3o. Dimens\u00f5es: 32x 35m<\/p>\n","protected":false},"featured_media":71217,"template":"","meta":[],"product_cat":[3054,2918],"product_tag":[],"class_list":{"0":"post-65196","1":"product","2":"type-product","3":"status-publish","4":"has-post-thumbnail","6":"product_cat-pastelaria-chocolates-e-sucedaneos-decoracoes-chocolate","7":"product_cat-pastelaria-pascoa","9":"first","10":"instock","11":"taxable","12":"shipping-taxable","13":"product-type-simple","14":"add-to-wishlist-before_image","15":"col-xs-6 col-sm-4","16":"col-md-3 col-lg-3","17":"un-4-cols"},"_links":{"self":[{"href":"https:\/\/smfoods.pt\/loja\/wp-json\/wp\/v2\/product\/65196","targetHints":{"allow":["GET"]}}],"collection":[{"href":"https:\/\/smfoods.pt\/loja\/wp-json\/wp\/v2\/product"}],"about":[{"href":"https:\/\/smfoods.pt\/loja\/wp-json\/wp\/v2\/types\/product"}],"version-history":[{"count":1,"href":"https:\/\/smfoods.pt\/loja\/wp-json\/wp\/v2\/product\/65196\/revisions"}],"predecessor-version":[{"id":71218,"href":"https:\/\/smfoods.pt\/loja\/wp-json\/wp\/v2\/product\/65196\/revisions\/71218"}],"wp:featuredmedia":[{"embeddable":true,"href":"https:\/\/smfoods.pt\/loja\/wp-json\/wp\/v2\/media\/71217"}],"wp:attachment":[{"href":"https:\/\/smfoods.pt\/loja\/wp-json\/wp\/v2\/media?parent=65196"}],"wp:term":[{"taxonomy":"product_cat","embeddable":true,"href":"https:\/\/smfoods.pt\/loja\/wp-json\/wp\/v2\/product_cat?post=65196"},{"taxonomy":"product_tag","embeddable":true,"href":"https:\/\/smfoods.pt\/loja\/wp-json\/wp\/v2\/product_tag?post=65196"}],"curies":[{"name":"wp","href":"https:\/\/api.w.org\/{rel}","templated":true}]}}