
{"id":65200,"date":"2023-01-27T10:17:59","date_gmt":"2023-01-27T10:17:59","guid":{"rendered":"https:\/\/smfoods.pt\/loja\/produto\/clr-19166-999-corante-po-cobre-metalizado-monalisa-25gr\/"},"modified":"2024-03-04T15:41:50","modified_gmt":"2024-03-04T15:41:50","slug":"clr-19166-999-corante-po-cobre-metalizado-monalisa-25gr","status":"publish","type":"product","link":"https:\/\/smfoods.pt\/loja\/produto\/clr-19166-999-corante-po-cobre-metalizado-monalisa-25gr\/","title":{"rendered":"Corante P\u00f3 Cobre Metalizado Monalisa 25gr."},"content":{"rendered":"<p><strong>Observa\u00e7\u00f5es: <\/strong>Corante em p\u00f3 metalizado, ideal para acabamentos em chocolate.<\/p>\n","protected":false},"excerpt":{"rendered":"<p>Observa\u00e7\u00f5es: Corante em p\u00f3 metalizado, ideal para acabamentos em chocolate.<\/p>\n","protected":false},"featured_media":69773,"template":"","meta":[],"product_cat":[3069],"product_tag":[],"class_list":{"0":"post-65200","1":"product","2":"type-product","3":"status-publish","4":"has-post-thumbnail","6":"product_cat-pastelaria-corantes-lipossoluveis","8":"first","9":"instock","10":"taxable","11":"shipping-taxable","12":"product-type-simple","13":"add-to-wishlist-before_image","14":"col-xs-6 col-sm-4","15":"col-md-3 col-lg-3","16":"un-4-cols"},"_links":{"self":[{"href":"https:\/\/smfoods.pt\/loja\/wp-json\/wp\/v2\/product\/65200","targetHints":{"allow":["GET"]}}],"collection":[{"href":"https:\/\/smfoods.pt\/loja\/wp-json\/wp\/v2\/product"}],"about":[{"href":"https:\/\/smfoods.pt\/loja\/wp-json\/wp\/v2\/types\/product"}],"version-history":[{"count":1,"href":"https:\/\/smfoods.pt\/loja\/wp-json\/wp\/v2\/product\/65200\/revisions"}],"predecessor-version":[{"id":71827,"href":"https:\/\/smfoods.pt\/loja\/wp-json\/wp\/v2\/product\/65200\/revisions\/71827"}],"wp:featuredmedia":[{"embeddable":true,"href":"https:\/\/smfoods.pt\/loja\/wp-json\/wp\/v2\/media\/69773"}],"wp:attachment":[{"href":"https:\/\/smfoods.pt\/loja\/wp-json\/wp\/v2\/media?parent=65200"}],"wp:term":[{"taxonomy":"product_cat","embeddable":true,"href":"https:\/\/smfoods.pt\/loja\/wp-json\/wp\/v2\/product_cat?post=65200"},{"taxonomy":"product_tag","embeddable":true,"href":"https:\/\/smfoods.pt\/loja\/wp-json\/wp\/v2\/product_tag?post=65200"}],"curies":[{"name":"wp","href":"https:\/\/api.w.org\/{rel}","templated":true}]}}