
{"id":65202,"date":"2023-01-27T10:18:01","date_gmt":"2023-01-27T10:18:01","guid":{"rendered":"https:\/\/smfoods.pt\/loja\/produto\/clr-22174-999-corantes-com-manteiga-cacau-monalisa-4-cores-x-50-gr\/"},"modified":"2024-03-04T15:50:11","modified_gmt":"2024-03-04T15:50:11","slug":"clr-22174-999-corantes-com-manteiga-cacau-monalisa-4-cores-x-50-gr","status":"publish","type":"product","link":"https:\/\/smfoods.pt\/loja\/produto\/clr-22174-999-corantes-com-manteiga-cacau-monalisa-4-cores-x-50-gr\/","title":{"rendered":"Corantes com Manteiga Cacau Monalisa (4 cores x 50 gr.)"},"content":{"rendered":"<p><strong>Observa\u00e7\u00f5es: <\/strong>Box com 4 cores \u2013 Branco, Vermelho, Azul e amarelo. Inclui Paleta Crom\u00e1tica para produ\u00e7\u00e3o de cores.<br \/>\nN\u00e3o AZO<\/p>\n","protected":false},"excerpt":{"rendered":"<p>Observa\u00e7\u00f5es: Box com 4 cores \u2013 Branco, Vermelho, Azul e amarelo. Inclui Paleta Crom\u00e1tica para produ\u00e7\u00e3o de cores. N\u00e3o AZO<\/p>\n","protected":false},"featured_media":69774,"template":"","meta":[],"product_cat":[3067,3072],"product_tag":[],"class_list":{"0":"post-65202","1":"product","2":"type-product","3":"status-publish","4":"has-post-thumbnail","6":"product_cat-pastelaria-corantes-hidrosoluveis","7":"product_cat-pastelaria-corantes-manteiga-de-cacau","9":"first","10":"instock","11":"taxable","12":"shipping-taxable","13":"product-type-simple","14":"add-to-wishlist-before_image","15":"col-xs-6 col-sm-4","16":"col-md-3 col-lg-3","17":"un-4-cols"},"_links":{"self":[{"href":"https:\/\/smfoods.pt\/loja\/wp-json\/wp\/v2\/product\/65202","targetHints":{"allow":["GET"]}}],"collection":[{"href":"https:\/\/smfoods.pt\/loja\/wp-json\/wp\/v2\/product"}],"about":[{"href":"https:\/\/smfoods.pt\/loja\/wp-json\/wp\/v2\/types\/product"}],"version-history":[{"count":2,"href":"https:\/\/smfoods.pt\/loja\/wp-json\/wp\/v2\/product\/65202\/revisions"}],"predecessor-version":[{"id":71790,"href":"https:\/\/smfoods.pt\/loja\/wp-json\/wp\/v2\/product\/65202\/revisions\/71790"}],"wp:featuredmedia":[{"embeddable":true,"href":"https:\/\/smfoods.pt\/loja\/wp-json\/wp\/v2\/media\/69774"}],"wp:attachment":[{"href":"https:\/\/smfoods.pt\/loja\/wp-json\/wp\/v2\/media?parent=65202"}],"wp:term":[{"taxonomy":"product_cat","embeddable":true,"href":"https:\/\/smfoods.pt\/loja\/wp-json\/wp\/v2\/product_cat?post=65202"},{"taxonomy":"product_tag","embeddable":true,"href":"https:\/\/smfoods.pt\/loja\/wp-json\/wp\/v2\/product_tag?post=65202"}],"curies":[{"name":"wp","href":"https:\/\/api.w.org\/{rel}","templated":true}]}}