
{"id":65214,"date":"2023-01-27T10:18:13","date_gmt":"2023-01-27T10:18:13","guid":{"rendered":"https:\/\/smfoods.pt\/loja\/produto\/ma2009-molde-policarbonato-tablete-lapidada-80gr\/"},"modified":"2024-03-04T15:48:11","modified_gmt":"2024-03-04T15:48:11","slug":"ma2009-molde-policarbonato-tablete-lapidada-80gr","status":"publish","type":"product","link":"https:\/\/smfoods.pt\/loja\/produto\/ma2009-molde-policarbonato-tablete-lapidada-80gr\/","title":{"rendered":"Molde Policarbonato Tablete Lapidada 80gr"},"content":{"rendered":"<p><strong>Observa\u00e7\u00f5es: <\/strong>Medidas:  138\u00d772 h11mm<br \/>\nCada Molde faz 3 barras com 80 gr cada.<\/p>\n","protected":false},"excerpt":{"rendered":"<p>Observa\u00e7\u00f5es: Medidas: 138\u00d772 h11mm Cada Molde faz 3 barras com 80 gr cada.<\/p>\n","protected":false},"featured_media":69952,"template":"","meta":[],"product_cat":[2975],"product_tag":[],"class_list":{"0":"post-65214","1":"product","2":"type-product","3":"status-publish","4":"has-post-thumbnail","6":"product_cat-pastelaria-moldes","8":"first","9":"onbackorder","10":"taxable","11":"shipping-taxable","12":"product-type-simple","13":"add-to-wishlist-before_image","14":"col-xs-6 col-sm-4","15":"col-md-3 col-lg-3","16":"un-4-cols"},"_links":{"self":[{"href":"https:\/\/smfoods.pt\/loja\/wp-json\/wp\/v2\/product\/65214","targetHints":{"allow":["GET"]}}],"collection":[{"href":"https:\/\/smfoods.pt\/loja\/wp-json\/wp\/v2\/product"}],"about":[{"href":"https:\/\/smfoods.pt\/loja\/wp-json\/wp\/v2\/types\/product"}],"version-history":[{"count":1,"href":"https:\/\/smfoods.pt\/loja\/wp-json\/wp\/v2\/product\/65214\/revisions"}],"predecessor-version":[{"id":71917,"href":"https:\/\/smfoods.pt\/loja\/wp-json\/wp\/v2\/product\/65214\/revisions\/71917"}],"wp:featuredmedia":[{"embeddable":true,"href":"https:\/\/smfoods.pt\/loja\/wp-json\/wp\/v2\/media\/69952"}],"wp:attachment":[{"href":"https:\/\/smfoods.pt\/loja\/wp-json\/wp\/v2\/media?parent=65214"}],"wp:term":[{"taxonomy":"product_cat","embeddable":true,"href":"https:\/\/smfoods.pt\/loja\/wp-json\/wp\/v2\/product_cat?post=65214"},{"taxonomy":"product_tag","embeddable":true,"href":"https:\/\/smfoods.pt\/loja\/wp-json\/wp\/v2\/product_tag?post=65214"}],"curies":[{"name":"wp","href":"https:\/\/api.w.org\/{rel}","templated":true}]}}