
{"id":65221,"date":"2023-01-27T10:18:19","date_gmt":"2023-01-27T10:18:19","guid":{"rendered":"https:\/\/smfoods.pt\/loja\/produto\/ma2465-molde-policarbonato-lollipop-coracao-35x50x15mm-7unid\/"},"modified":"2024-03-04T15:37:59","modified_gmt":"2024-03-04T15:37:59","slug":"ma2465-molde-policarbonato-lollipop-coracao-35x50x15mm-7unid","status":"publish","type":"product","link":"https:\/\/smfoods.pt\/loja\/produto\/ma2465-molde-policarbonato-lollipop-coracao-35x50x15mm-7unid\/","title":{"rendered":"Molde Policarbonato Lollipop Cora\u00e7\u00e3o 35x50x15mm (7unid)"},"content":{"rendered":"<p><strong>Observa\u00e7\u00f5es: <\/strong>Caixa basculante especial dia dos namorados.<\/p>\n","protected":false},"excerpt":{"rendered":"<p>Observa\u00e7\u00f5es: Caixa basculante especial dia dos namorados.<\/p>\n","protected":false},"featured_media":70358,"template":"","meta":[],"product_cat":[2975,2915,2921],"product_tag":[],"class_list":{"0":"post-65221","1":"product","2":"type-product","3":"status-publish","4":"has-post-thumbnail","6":"product_cat-pastelaria-moldes","7":"product_cat-frozen-novidades","8":"product_cat-pastelaria-novidades","10":"first","11":"instock","12":"taxable","13":"shipping-taxable","14":"product-type-simple","15":"add-to-wishlist-before_image","16":"col-xs-6 col-sm-4","17":"col-md-3 col-lg-3","18":"un-4-cols"},"_links":{"self":[{"href":"https:\/\/smfoods.pt\/loja\/wp-json\/wp\/v2\/product\/65221","targetHints":{"allow":["GET"]}}],"collection":[{"href":"https:\/\/smfoods.pt\/loja\/wp-json\/wp\/v2\/product"}],"about":[{"href":"https:\/\/smfoods.pt\/loja\/wp-json\/wp\/v2\/types\/product"}],"version-history":[{"count":2,"href":"https:\/\/smfoods.pt\/loja\/wp-json\/wp\/v2\/product\/65221\/revisions"}],"predecessor-version":[{"id":72858,"href":"https:\/\/smfoods.pt\/loja\/wp-json\/wp\/v2\/product\/65221\/revisions\/72858"}],"wp:featuredmedia":[{"embeddable":true,"href":"https:\/\/smfoods.pt\/loja\/wp-json\/wp\/v2\/media\/70358"}],"wp:attachment":[{"href":"https:\/\/smfoods.pt\/loja\/wp-json\/wp\/v2\/media?parent=65221"}],"wp:term":[{"taxonomy":"product_cat","embeddable":true,"href":"https:\/\/smfoods.pt\/loja\/wp-json\/wp\/v2\/product_cat?post=65221"},{"taxonomy":"product_tag","embeddable":true,"href":"https:\/\/smfoods.pt\/loja\/wp-json\/wp\/v2\/product_tag?post=65221"}],"curies":[{"name":"wp","href":"https:\/\/api.w.org\/{rel}","templated":true}]}}