
{"id":65231,"date":"2023-01-27T10:18:31","date_gmt":"2023-01-27T10:18:31","guid":{"rendered":"https:\/\/smfoods.pt\/loja\/produto\/mld-090524-m00-molde-policarbonato-fava-grande-11gr-cacao-barry\/"},"modified":"2024-03-04T15:38:01","modified_gmt":"2024-03-04T15:38:01","slug":"mld-090524-m00-molde-policarbonato-fava-grande-11gr-cacao-barry","status":"publish","type":"product","link":"https:\/\/smfoods.pt\/loja\/produto\/mld-090524-m00-molde-policarbonato-fava-grande-11gr-cacao-barry\/","title":{"rendered":"Molde Policarbonato Fava Grande 11gr. Cacao Barry"},"content":{"rendered":"<p><strong>Observa\u00e7\u00f5es: <\/strong>Molde em Policarbonato em forma de Fava de Cacau. Cada molde faz duas pe\u00e7as com 11 gr. cada.<\/p>\n","protected":false},"excerpt":{"rendered":"<p>Observa\u00e7\u00f5es: Molde em Policarbonato em forma de Fava de Cacau. Cada molde faz duas pe\u00e7as com 11 gr. cada.<\/p>\n","protected":false},"featured_media":70360,"template":"","meta":[],"product_cat":[2975],"product_tag":[],"class_list":{"0":"post-65231","1":"product","2":"type-product","3":"status-publish","4":"has-post-thumbnail","6":"product_cat-pastelaria-moldes","8":"first","9":"instock","10":"taxable","11":"shipping-taxable","12":"product-type-simple","13":"add-to-wishlist-before_image","14":"col-xs-6 col-sm-4","15":"col-md-3 col-lg-3","16":"un-4-cols"},"_links":{"self":[{"href":"https:\/\/smfoods.pt\/loja\/wp-json\/wp\/v2\/product\/65231","targetHints":{"allow":["GET"]}}],"collection":[{"href":"https:\/\/smfoods.pt\/loja\/wp-json\/wp\/v2\/product"}],"about":[{"href":"https:\/\/smfoods.pt\/loja\/wp-json\/wp\/v2\/types\/product"}],"version-history":[{"count":1,"href":"https:\/\/smfoods.pt\/loja\/wp-json\/wp\/v2\/product\/65231\/revisions"}],"predecessor-version":[{"id":71833,"href":"https:\/\/smfoods.pt\/loja\/wp-json\/wp\/v2\/product\/65231\/revisions\/71833"}],"wp:featuredmedia":[{"embeddable":true,"href":"https:\/\/smfoods.pt\/loja\/wp-json\/wp\/v2\/media\/70360"}],"wp:attachment":[{"href":"https:\/\/smfoods.pt\/loja\/wp-json\/wp\/v2\/media?parent=65231"}],"wp:term":[{"taxonomy":"product_cat","embeddable":true,"href":"https:\/\/smfoods.pt\/loja\/wp-json\/wp\/v2\/product_cat?post=65231"},{"taxonomy":"product_tag","embeddable":true,"href":"https:\/\/smfoods.pt\/loja\/wp-json\/wp\/v2\/product_tag?post=65231"}],"curies":[{"name":"wp","href":"https:\/\/api.w.org\/{rel}","templated":true}]}}