
{"id":65242,"date":"2023-01-27T10:18:42","date_gmt":"2023-01-27T10:18:42","guid":{"rendered":"https:\/\/smfoods.pt\/loja\/produto\/mld-090568-m00-molde-policarbonato-fava-grande-160gr-cacao-barry\/"},"modified":"2024-03-04T15:06:57","modified_gmt":"2024-03-04T15:06:57","slug":"mld-090568-m00-molde-policarbonato-fava-grande-160gr-cacao-barry","status":"publish","type":"product","link":"https:\/\/smfoods.pt\/loja\/produto\/mld-090568-m00-molde-policarbonato-fava-grande-160gr-cacao-barry\/","title":{"rendered":"Molde Policarbonato Fava Grande 160gr. Cacao Barry"},"content":{"rendered":"<p><strong>Observa\u00e7\u00f5es: <\/strong>Molde em Policarbonato em forma de Fava de Cacau. Cada molde faz duas pe\u00e7as com 160 gr. cada.<\/p>\n","protected":false},"excerpt":{"rendered":"<p>Observa\u00e7\u00f5es: Molde em Policarbonato em forma de Fava de Cacau. Cada molde faz duas pe\u00e7as com 160 gr. cada.<\/p>\n","protected":false},"featured_media":70082,"template":"","meta":[],"product_cat":[2975,2918],"product_tag":[],"class_list":{"0":"post-65242","1":"product","2":"type-product","3":"status-publish","4":"has-post-thumbnail","6":"product_cat-pastelaria-moldes","7":"product_cat-pastelaria-pascoa","9":"first","10":"instock","11":"taxable","12":"shipping-taxable","13":"product-type-simple","14":"add-to-wishlist-before_image","15":"col-xs-6 col-sm-4","16":"col-md-3 col-lg-3","17":"un-4-cols"},"_links":{"self":[{"href":"https:\/\/smfoods.pt\/loja\/wp-json\/wp\/v2\/product\/65242","targetHints":{"allow":["GET"]}}],"collection":[{"href":"https:\/\/smfoods.pt\/loja\/wp-json\/wp\/v2\/product"}],"about":[{"href":"https:\/\/smfoods.pt\/loja\/wp-json\/wp\/v2\/types\/product"}],"version-history":[{"count":1,"href":"https:\/\/smfoods.pt\/loja\/wp-json\/wp\/v2\/product\/65242\/revisions"}],"predecessor-version":[{"id":71753,"href":"https:\/\/smfoods.pt\/loja\/wp-json\/wp\/v2\/product\/65242\/revisions\/71753"}],"wp:featuredmedia":[{"embeddable":true,"href":"https:\/\/smfoods.pt\/loja\/wp-json\/wp\/v2\/media\/70082"}],"wp:attachment":[{"href":"https:\/\/smfoods.pt\/loja\/wp-json\/wp\/v2\/media?parent=65242"}],"wp:term":[{"taxonomy":"product_cat","embeddable":true,"href":"https:\/\/smfoods.pt\/loja\/wp-json\/wp\/v2\/product_cat?post=65242"},{"taxonomy":"product_tag","embeddable":true,"href":"https:\/\/smfoods.pt\/loja\/wp-json\/wp\/v2\/product_tag?post=65242"}],"curies":[{"name":"wp","href":"https:\/\/api.w.org\/{rel}","templated":true}]}}