
{"id":65246,"date":"2023-01-27T10:18:45","date_gmt":"2023-01-27T10:18:45","guid":{"rendered":"https:\/\/smfoods.pt\/loja\/produto\/mld-090614-m00-molde-policarbonato-ovo-origami-15-cm-cacao-barry\/"},"modified":"2024-03-04T15:06:30","modified_gmt":"2024-03-04T15:06:30","slug":"mld-090614-m00-molde-policarbonato-ovo-origami-15-cm-cacao-barry","status":"publish","type":"product","link":"https:\/\/smfoods.pt\/loja\/produto\/mld-090614-m00-molde-policarbonato-ovo-origami-15-cm-cacao-barry\/","title":{"rendered":"Molde Policarbonato Ovo Origami 15 cm Cacao Barry"},"content":{"rendered":"<p><strong>Observa\u00e7\u00f5es: <\/strong>Molde em Policarbonato em forma Ovo Origami. Cada molde faz duas pe\u00e7as com 110gr cada.<\/p>\n","protected":false},"excerpt":{"rendered":"<p>Observa\u00e7\u00f5es: Molde em Policarbonato em forma Ovo Origami. Cada molde faz duas pe\u00e7as com 110gr cada.<\/p>\n","protected":false},"featured_media":69995,"template":"","meta":[],"product_cat":[2975],"product_tag":[],"class_list":{"0":"post-65246","1":"product","2":"type-product","3":"status-publish","4":"has-post-thumbnail","6":"product_cat-pastelaria-moldes","8":"first","9":"onbackorder","10":"taxable","11":"shipping-taxable","12":"product-type-simple","13":"add-to-wishlist-before_image","14":"col-xs-6 col-sm-4","15":"col-md-3 col-lg-3","16":"un-4-cols"},"_links":{"self":[{"href":"https:\/\/smfoods.pt\/loja\/wp-json\/wp\/v2\/product\/65246","targetHints":{"allow":["GET"]}}],"collection":[{"href":"https:\/\/smfoods.pt\/loja\/wp-json\/wp\/v2\/product"}],"about":[{"href":"https:\/\/smfoods.pt\/loja\/wp-json\/wp\/v2\/types\/product"}],"version-history":[{"count":1,"href":"https:\/\/smfoods.pt\/loja\/wp-json\/wp\/v2\/product\/65246\/revisions"}],"predecessor-version":[{"id":71775,"href":"https:\/\/smfoods.pt\/loja\/wp-json\/wp\/v2\/product\/65246\/revisions\/71775"}],"wp:featuredmedia":[{"embeddable":true,"href":"https:\/\/smfoods.pt\/loja\/wp-json\/wp\/v2\/media\/69995"}],"wp:attachment":[{"href":"https:\/\/smfoods.pt\/loja\/wp-json\/wp\/v2\/media?parent=65246"}],"wp:term":[{"taxonomy":"product_cat","embeddable":true,"href":"https:\/\/smfoods.pt\/loja\/wp-json\/wp\/v2\/product_cat?post=65246"},{"taxonomy":"product_tag","embeddable":true,"href":"https:\/\/smfoods.pt\/loja\/wp-json\/wp\/v2\/product_tag?post=65246"}],"curies":[{"name":"wp","href":"https:\/\/api.w.org\/{rel}","templated":true}]}}