
{"id":65252,"date":"2023-01-27T10:18:51","date_gmt":"2023-01-27T10:18:51","guid":{"rendered":"https:\/\/smfoods.pt\/loja\/produto\/c04101-copos-gelado-cartao-190-ml-madeline-55-unid\/"},"modified":"2024-03-04T15:02:46","modified_gmt":"2024-03-04T15:02:46","slug":"c04101-copos-gelado-cartao-190-ml-madeline-55-unid","status":"publish","type":"product","link":"https:\/\/smfoods.pt\/loja\/produto\/c04101-copos-gelado-cartao-190-ml-madeline-55-unid\/","title":{"rendered":"Copos Gelado Cart\u00e3o 190 ml MADELINE (55 unid)"},"content":{"rendered":"<p><strong>Observa\u00e7\u00f5es: <\/strong>Caixa master com 28 mangas de copos. Cada manga com 55 copos<\/p>\n","protected":false},"excerpt":{"rendered":"<p>Observa\u00e7\u00f5es: Caixa master com 28 mangas de copos. Cada manga com 55 copos<\/p>\n","protected":false},"featured_media":69824,"template":"","meta":[],"product_cat":[2943],"product_tag":[],"class_list":{"0":"post-65252","1":"product","2":"type-product","3":"status-publish","4":"has-post-thumbnail","6":"product_cat-gelataria-embalagens","8":"first","9":"instock","10":"taxable","11":"shipping-taxable","12":"product-type-simple","13":"add-to-wishlist-before_image","14":"col-xs-6 col-sm-4","15":"col-md-3 col-lg-3","16":"un-4-cols"},"_links":{"self":[{"href":"https:\/\/smfoods.pt\/loja\/wp-json\/wp\/v2\/product\/65252","targetHints":{"allow":["GET"]}}],"collection":[{"href":"https:\/\/smfoods.pt\/loja\/wp-json\/wp\/v2\/product"}],"about":[{"href":"https:\/\/smfoods.pt\/loja\/wp-json\/wp\/v2\/types\/product"}],"version-history":[{"count":2,"href":"https:\/\/smfoods.pt\/loja\/wp-json\/wp\/v2\/product\/65252\/revisions"}],"predecessor-version":[{"id":71801,"href":"https:\/\/smfoods.pt\/loja\/wp-json\/wp\/v2\/product\/65252\/revisions\/71801"}],"wp:featuredmedia":[{"embeddable":true,"href":"https:\/\/smfoods.pt\/loja\/wp-json\/wp\/v2\/media\/69824"}],"wp:attachment":[{"href":"https:\/\/smfoods.pt\/loja\/wp-json\/wp\/v2\/media?parent=65252"}],"wp:term":[{"taxonomy":"product_cat","embeddable":true,"href":"https:\/\/smfoods.pt\/loja\/wp-json\/wp\/v2\/product_cat?post=65252"},{"taxonomy":"product_tag","embeddable":true,"href":"https:\/\/smfoods.pt\/loja\/wp-json\/wp\/v2\/product_tag?post=65252"}],"curies":[{"name":"wp","href":"https:\/\/api.w.org\/{rel}","templated":true}]}}