
{"id":65264,"date":"2023-01-27T10:19:06","date_gmt":"2023-01-27T10:19:06","guid":{"rendered":"https:\/\/smfoods.pt\/loja\/produto\/art2254-a-art-2254-a-travessa-banana-split-6-unid\/"},"modified":"2024-03-04T15:33:09","modified_gmt":"2024-03-04T15:33:09","slug":"art2254-a-art-2254a-travessa-banana-split-6-unid","status":"publish","type":"product","link":"https:\/\/smfoods.pt\/loja\/produto\/art2254-a-art-2254a-travessa-banana-split-6-unid\/","title":{"rendered":"Art. 2254\/A Travessa Banana Split 6 unid"},"content":{"rendered":"<p><strong>Observa\u00e7\u00f5es: <\/strong>Travessa ideal para banana split. Medida: 30\u00d712 cm.<\/p>\n","protected":false},"excerpt":{"rendered":"<p>Observa\u00e7\u00f5es: Travessa ideal para banana split. Medida: 30\u00d712 cm.<\/p>\n","protected":false},"featured_media":70382,"template":"","meta":[],"product_cat":[3008],"product_tag":[],"class_list":{"0":"post-65264","1":"product","2":"type-product","3":"status-publish","4":"has-post-thumbnail","6":"product_cat-gelataria-acessorios","8":"first","9":"instock","10":"taxable","11":"shipping-taxable","12":"product-type-simple","13":"add-to-wishlist-before_image","14":"col-xs-6 col-sm-4","15":"col-md-3 col-lg-3","16":"un-4-cols"},"_links":{"self":[{"href":"https:\/\/smfoods.pt\/loja\/wp-json\/wp\/v2\/product\/65264","targetHints":{"allow":["GET"]}}],"collection":[{"href":"https:\/\/smfoods.pt\/loja\/wp-json\/wp\/v2\/product"}],"about":[{"href":"https:\/\/smfoods.pt\/loja\/wp-json\/wp\/v2\/types\/product"}],"version-history":[{"count":1,"href":"https:\/\/smfoods.pt\/loja\/wp-json\/wp\/v2\/product\/65264\/revisions"}],"predecessor-version":[{"id":71799,"href":"https:\/\/smfoods.pt\/loja\/wp-json\/wp\/v2\/product\/65264\/revisions\/71799"}],"wp:featuredmedia":[{"embeddable":true,"href":"https:\/\/smfoods.pt\/loja\/wp-json\/wp\/v2\/media\/70382"}],"wp:attachment":[{"href":"https:\/\/smfoods.pt\/loja\/wp-json\/wp\/v2\/media?parent=65264"}],"wp:term":[{"taxonomy":"product_cat","embeddable":true,"href":"https:\/\/smfoods.pt\/loja\/wp-json\/wp\/v2\/product_cat?post=65264"},{"taxonomy":"product_tag","embeddable":true,"href":"https:\/\/smfoods.pt\/loja\/wp-json\/wp\/v2\/product_tag?post=65264"}],"curies":[{"name":"wp","href":"https:\/\/api.w.org\/{rel}","templated":true}]}}