
{"id":65272,"date":"2023-01-27T10:19:14","date_gmt":"2023-01-27T10:19:14","guid":{"rendered":"https:\/\/smfoods.pt\/loja\/produto\/art492-art-492-taca-vidro-6unid\/"},"modified":"2024-03-04T15:49:05","modified_gmt":"2024-03-04T15:49:05","slug":"art492-art-492-taca-vidro-6unid","status":"publish","type":"product","link":"https:\/\/smfoods.pt\/loja\/produto\/art492-art-492-taca-vidro-6unid\/","title":{"rendered":"Art. 492 Ta\u00e7a Vidro (6unid)"},"content":{"rendered":"<p><strong>Observa\u00e7\u00f5es: <\/strong>Ta\u00e7a de Vidro. Medidas: 25,5x11cm<\/p>\n","protected":false},"excerpt":{"rendered":"<p>Observa\u00e7\u00f5es: Ta\u00e7a de Vidro. Medidas: 25,5x11cm<\/p>\n","protected":false},"featured_media":72926,"template":"","meta":[],"product_cat":[3008],"product_tag":[],"class_list":{"0":"post-65272","1":"product","2":"type-product","3":"status-publish","4":"has-post-thumbnail","6":"product_cat-gelataria-acessorios","8":"first","9":"instock","10":"taxable","11":"shipping-taxable","12":"product-type-simple","13":"add-to-wishlist-before_image","14":"col-xs-6 col-sm-4","15":"col-md-3 col-lg-3","16":"un-4-cols"},"_links":{"self":[{"href":"https:\/\/smfoods.pt\/loja\/wp-json\/wp\/v2\/product\/65272","targetHints":{"allow":["GET"]}}],"collection":[{"href":"https:\/\/smfoods.pt\/loja\/wp-json\/wp\/v2\/product"}],"about":[{"href":"https:\/\/smfoods.pt\/loja\/wp-json\/wp\/v2\/types\/product"}],"version-history":[{"count":2,"href":"https:\/\/smfoods.pt\/loja\/wp-json\/wp\/v2\/product\/65272\/revisions"}],"predecessor-version":[{"id":71787,"href":"https:\/\/smfoods.pt\/loja\/wp-json\/wp\/v2\/product\/65272\/revisions\/71787"}],"wp:featuredmedia":[{"embeddable":true,"href":"https:\/\/smfoods.pt\/loja\/wp-json\/wp\/v2\/media\/72926"}],"wp:attachment":[{"href":"https:\/\/smfoods.pt\/loja\/wp-json\/wp\/v2\/media?parent=65272"}],"wp:term":[{"taxonomy":"product_cat","embeddable":true,"href":"https:\/\/smfoods.pt\/loja\/wp-json\/wp\/v2\/product_cat?post=65272"},{"taxonomy":"product_tag","embeddable":true,"href":"https:\/\/smfoods.pt\/loja\/wp-json\/wp\/v2\/product_tag?post=65272"}],"curies":[{"name":"wp","href":"https:\/\/api.w.org\/{rel}","templated":true}]}}