
{"id":65362,"date":"2023-01-27T10:20:44","date_gmt":"2023-01-27T10:20:44","guid":{"rendered":"https:\/\/smfoods.pt\/loja\/produto\/sc613-conjunto-2-cortantes-pes\/"},"modified":"2024-03-04T15:53:03","modified_gmt":"2024-03-04T15:53:03","slug":"sc613-conjunto-2-cortantes-pes","status":"publish","type":"product","link":"https:\/\/smfoods.pt\/loja\/produto\/sc613-conjunto-2-cortantes-pes\/","title":{"rendered":"Conjunto 2 Cortantes P\u00e9s"},"content":{"rendered":"<p><strong>Observa\u00e7\u00f5es: <\/strong><\/p>\n","protected":false},"excerpt":{"rendered":"<p>Observa\u00e7\u00f5es:<\/p>\n","protected":false},"featured_media":70016,"template":"","meta":[],"product_cat":[3066],"product_tag":[],"class_list":{"0":"post-65362","1":"product","2":"type-product","3":"status-publish","4":"has-post-thumbnail","6":"product_cat-pastelaria-flores-e-decoracoes-halloween","8":"first","9":"onbackorder","10":"taxable","11":"shipping-taxable","12":"product-type-simple","13":"add-to-wishlist-before_image","14":"col-xs-6 col-sm-4","15":"col-md-3 col-lg-3","16":"un-4-cols"},"_links":{"self":[{"href":"https:\/\/smfoods.pt\/loja\/wp-json\/wp\/v2\/product\/65362","targetHints":{"allow":["GET"]}}],"collection":[{"href":"https:\/\/smfoods.pt\/loja\/wp-json\/wp\/v2\/product"}],"about":[{"href":"https:\/\/smfoods.pt\/loja\/wp-json\/wp\/v2\/types\/product"}],"version-history":[{"count":1,"href":"https:\/\/smfoods.pt\/loja\/wp-json\/wp\/v2\/product\/65362\/revisions"}],"predecessor-version":[{"id":71902,"href":"https:\/\/smfoods.pt\/loja\/wp-json\/wp\/v2\/product\/65362\/revisions\/71902"}],"wp:featuredmedia":[{"embeddable":true,"href":"https:\/\/smfoods.pt\/loja\/wp-json\/wp\/v2\/media\/70016"}],"wp:attachment":[{"href":"https:\/\/smfoods.pt\/loja\/wp-json\/wp\/v2\/media?parent=65362"}],"wp:term":[{"taxonomy":"product_cat","embeddable":true,"href":"https:\/\/smfoods.pt\/loja\/wp-json\/wp\/v2\/product_cat?post=65362"},{"taxonomy":"product_tag","embeddable":true,"href":"https:\/\/smfoods.pt\/loja\/wp-json\/wp\/v2\/product_tag?post=65362"}],"curies":[{"name":"wp","href":"https:\/\/api.w.org\/{rel}","templated":true}]}}