
{"id":65372,"date":"2023-01-27T10:20:55","date_gmt":"2023-01-27T10:20:55","guid":{"rendered":"https:\/\/smfoods.pt\/loja\/produto\/pr07-pratos-no-7-ouro-31cm-100-unid\/"},"modified":"2024-03-04T15:05:50","modified_gmt":"2024-03-04T15:05:50","slug":"pr07-pratos-no-7-ouro-31cm-100-unid","status":"publish","type":"product","link":"https:\/\/smfoods.pt\/loja\/produto\/pr07-pratos-no-7-ouro-31cm-100-unid\/","title":{"rendered":"Pratos N\u00ba 7 Ouro 31Cm (100 Unid)"},"content":{"rendered":"<p><strong>Observa\u00e7\u00f5es: <\/strong>Di\u00e2metro 32 cm<\/p>\n","protected":false},"excerpt":{"rendered":"<p>Observa\u00e7\u00f5es: Di\u00e2metro 32 cm<\/p>\n","protected":false},"featured_media":69908,"template":"","meta":[],"product_cat":[3096],"product_tag":[],"class_list":{"0":"post-65372","1":"product","2":"type-product","3":"status-publish","4":"has-post-thumbnail","6":"product_cat-pastelaria-descartaveis-pratos","8":"first","9":"instock","10":"taxable","11":"shipping-taxable","12":"product-type-simple","13":"add-to-wishlist-before_image","14":"col-xs-6 col-sm-4","15":"col-md-3 col-lg-3","16":"un-4-cols"},"_links":{"self":[{"href":"https:\/\/smfoods.pt\/loja\/wp-json\/wp\/v2\/product\/65372","targetHints":{"allow":["GET"]}}],"collection":[{"href":"https:\/\/smfoods.pt\/loja\/wp-json\/wp\/v2\/product"}],"about":[{"href":"https:\/\/smfoods.pt\/loja\/wp-json\/wp\/v2\/types\/product"}],"version-history":[{"count":2,"href":"https:\/\/smfoods.pt\/loja\/wp-json\/wp\/v2\/product\/65372\/revisions"}],"predecessor-version":[{"id":71803,"href":"https:\/\/smfoods.pt\/loja\/wp-json\/wp\/v2\/product\/65372\/revisions\/71803"}],"wp:featuredmedia":[{"embeddable":true,"href":"https:\/\/smfoods.pt\/loja\/wp-json\/wp\/v2\/media\/69908"}],"wp:attachment":[{"href":"https:\/\/smfoods.pt\/loja\/wp-json\/wp\/v2\/media?parent=65372"}],"wp:term":[{"taxonomy":"product_cat","embeddable":true,"href":"https:\/\/smfoods.pt\/loja\/wp-json\/wp\/v2\/product_cat?post=65372"},{"taxonomy":"product_tag","embeddable":true,"href":"https:\/\/smfoods.pt\/loja\/wp-json\/wp\/v2\/product_tag?post=65372"}],"curies":[{"name":"wp","href":"https:\/\/api.w.org\/{rel}","templated":true}]}}