
{"id":65382,"date":"2023-01-27T10:21:05","date_gmt":"2023-01-27T10:21:05","guid":{"rendered":"https:\/\/smfoods.pt\/loja\/produto\/prn-val50bby-t60-pasta-praline-50-amendoa-valenciana-lenotre-cacao-barry-5kg\/"},"modified":"2024-03-04T15:53:07","modified_gmt":"2024-03-04T15:53:07","slug":"prn-val50bby-t60-pasta-praline-50-amendoa-valenciana-lenotre-cacao-barry-5kg","status":"publish","type":"product","link":"https:\/\/smfoods.pt\/loja\/produto\/prn-val50bby-t60-pasta-praline-50-amendoa-valenciana-lenotre-cacao-barry-5kg\/","title":{"rendered":"Pasta Praline 50% Am\u00eandoa Valenciana Lenotre Cacao Barry 5Kg"},"content":{"rendered":"<p><strong>Observa\u00e7\u00f5es: <\/strong>Pr\u00e1line de frutos secos produzido com am\u00eandoas de origem Valenciana.<\/p>\n","protected":false},"excerpt":{"rendered":"<p>Observa\u00e7\u00f5es: Pr\u00e1line de frutos secos produzido com am\u00eandoas de origem Valenciana.<\/p>\n","protected":false},"featured_media":70059,"template":"","meta":[],"product_cat":[2984],"product_tag":[],"class_list":{"0":"post-65382","1":"product","2":"type-product","3":"status-publish","4":"has-post-thumbnail","6":"product_cat-pastelaria-pastas-aromatizantes","8":"first","9":"onbackorder","10":"taxable","11":"shipping-taxable","12":"product-type-simple","13":"add-to-wishlist-before_image","14":"col-xs-6 col-sm-4","15":"col-md-3 col-lg-3","16":"un-4-cols"},"_links":{"self":[{"href":"https:\/\/smfoods.pt\/loja\/wp-json\/wp\/v2\/product\/65382","targetHints":{"allow":["GET"]}}],"collection":[{"href":"https:\/\/smfoods.pt\/loja\/wp-json\/wp\/v2\/product"}],"about":[{"href":"https:\/\/smfoods.pt\/loja\/wp-json\/wp\/v2\/types\/product"}],"version-history":[{"count":2,"href":"https:\/\/smfoods.pt\/loja\/wp-json\/wp\/v2\/product\/65382\/revisions"}],"predecessor-version":[{"id":71916,"href":"https:\/\/smfoods.pt\/loja\/wp-json\/wp\/v2\/product\/65382\/revisions\/71916"}],"wp:featuredmedia":[{"embeddable":true,"href":"https:\/\/smfoods.pt\/loja\/wp-json\/wp\/v2\/media\/70059"}],"wp:attachment":[{"href":"https:\/\/smfoods.pt\/loja\/wp-json\/wp\/v2\/media?parent=65382"}],"wp:term":[{"taxonomy":"product_cat","embeddable":true,"href":"https:\/\/smfoods.pt\/loja\/wp-json\/wp\/v2\/product_cat?post=65382"},{"taxonomy":"product_tag","embeddable":true,"href":"https:\/\/smfoods.pt\/loja\/wp-json\/wp\/v2\/product_tag?post=65382"}],"curies":[{"name":"wp","href":"https:\/\/api.w.org\/{rel}","templated":true}]}}