
{"id":65436,"date":"2023-01-27T10:22:00","date_gmt":"2023-01-27T10:22:00","guid":{"rendered":"https:\/\/smfoods.pt\/loja\/produto\/cwd-q1evoc-e0-u70-cobertura-negra-72-wholefruit-evocao-25-kg\/"},"modified":"2024-03-04T15:00:31","modified_gmt":"2024-03-04T15:00:31","slug":"cwd-q1evoc-e0-u70-cobertura-negra-72-wholefruitevocao-25-kg","status":"publish","type":"product","link":"https:\/\/smfoods.pt\/loja\/produto\/cwd-q1evoc-e0-u70-cobertura-negra-72-wholefruitevocao-25-kg\/","title":{"rendered":"Cobertura Negra 72% Wholefruit\/Evocao 2,5 Kg"},"content":{"rendered":"<p><strong>Observa\u00e7\u00f5es: <\/strong>100% Fruto de cacao. Sem nenhuma adi\u00e7\u00e3o (sem a\u00e7\u00facares refinados, sem lecitinas, sem Baunilha). Caixa Master com 4 sacos.<\/p>\n","protected":false},"excerpt":{"rendered":"<p>Observa\u00e7\u00f5es: 100% Fruto de cacao. Sem nenhuma adi\u00e7\u00e3o (sem a\u00e7\u00facares refinados, sem lecitinas, sem Baunilha). Caixa Master com 4 sacos.<\/p>\n","protected":false},"featured_media":70019,"template":"","meta":[],"product_cat":[3050],"product_tag":[],"class_list":{"0":"post-65436","1":"product","2":"type-product","3":"status-publish","4":"has-post-thumbnail","6":"product_cat-pastelaria-chocolates-e-sucedaneos-chocolates-puros","8":"first","9":"instock","10":"taxable","11":"shipping-taxable","12":"product-type-simple","13":"add-to-wishlist-before_image","14":"col-xs-6 col-sm-4","15":"col-md-3 col-lg-3","16":"un-4-cols"},"_links":{"self":[{"href":"https:\/\/smfoods.pt\/loja\/wp-json\/wp\/v2\/product\/65436","targetHints":{"allow":["GET"]}}],"collection":[{"href":"https:\/\/smfoods.pt\/loja\/wp-json\/wp\/v2\/product"}],"about":[{"href":"https:\/\/smfoods.pt\/loja\/wp-json\/wp\/v2\/types\/product"}],"version-history":[{"count":2,"href":"https:\/\/smfoods.pt\/loja\/wp-json\/wp\/v2\/product\/65436\/revisions"}],"predecessor-version":[{"id":71225,"href":"https:\/\/smfoods.pt\/loja\/wp-json\/wp\/v2\/product\/65436\/revisions\/71225"}],"wp:featuredmedia":[{"embeddable":true,"href":"https:\/\/smfoods.pt\/loja\/wp-json\/wp\/v2\/media\/70019"}],"wp:attachment":[{"href":"https:\/\/smfoods.pt\/loja\/wp-json\/wp\/v2\/media?parent=65436"}],"wp:term":[{"taxonomy":"product_cat","embeddable":true,"href":"https:\/\/smfoods.pt\/loja\/wp-json\/wp\/v2\/product_cat?post=65436"},{"taxonomy":"product_tag","embeddable":true,"href":"https:\/\/smfoods.pt\/loja\/wp-json\/wp\/v2\/product_tag?post=65436"}],"curies":[{"name":"wp","href":"https:\/\/api.w.org\/{rel}","templated":true}]}}