
{"id":65442,"date":"2023-01-27T10:22:06","date_gmt":"2023-01-27T10:22:06","guid":{"rendered":"https:\/\/smfoods.pt\/loja\/produto\/cx_ovo_gr-caixa-ovo-colher-grande-dourada\/"},"modified":"2024-03-04T15:54:48","modified_gmt":"2024-03-04T15:54:48","slug":"cx_ovo_gr-caixa-ovo-colher-grande-dourada","status":"publish","type":"product","link":"https:\/\/smfoods.pt\/loja\/produto\/cx_ovo_gr-caixa-ovo-colher-grande-dourada\/","title":{"rendered":"Caixa Ovo Colher Grande Dourada"},"content":{"rendered":"<p><strong>Observa\u00e7\u00f5es: <\/strong>Medida Caixa Exterior: 20 cm x 15cm x 10cm | Medida Orif\u00edcio do Ovo: 14cm x 8 cm | Material: Cart\u00e3o e PVC.<\/p>\n","protected":false},"excerpt":{"rendered":"<p>Observa\u00e7\u00f5es: Medida Caixa Exterior: 20 cm x 15cm x 10cm | Medida Orif\u00edcio do Ovo: 14cm x 8 cm | Material: Cart\u00e3o e PVC.<\/p>\n","protected":false},"featured_media":70028,"template":"","meta":[],"product_cat":[3047,2918],"product_tag":[],"class_list":{"0":"post-65442","1":"product","2":"type-product","3":"status-publish","4":"has-post-thumbnail","6":"product_cat-pastelaria-descartaveis-caixas-bolos","7":"product_cat-pastelaria-pascoa","9":"first","10":"instock","11":"taxable","12":"shipping-taxable","13":"product-type-simple","14":"add-to-wishlist-before_image","15":"col-xs-6 col-sm-4","16":"col-md-3 col-lg-3","17":"un-4-cols"},"_links":{"self":[{"href":"https:\/\/smfoods.pt\/loja\/wp-json\/wp\/v2\/product\/65442","targetHints":{"allow":["GET"]}}],"collection":[{"href":"https:\/\/smfoods.pt\/loja\/wp-json\/wp\/v2\/product"}],"about":[{"href":"https:\/\/smfoods.pt\/loja\/wp-json\/wp\/v2\/types\/product"}],"version-history":[{"count":1,"href":"https:\/\/smfoods.pt\/loja\/wp-json\/wp\/v2\/product\/65442\/revisions"}],"predecessor-version":[{"id":71261,"href":"https:\/\/smfoods.pt\/loja\/wp-json\/wp\/v2\/product\/65442\/revisions\/71261"}],"wp:featuredmedia":[{"embeddable":true,"href":"https:\/\/smfoods.pt\/loja\/wp-json\/wp\/v2\/media\/70028"}],"wp:attachment":[{"href":"https:\/\/smfoods.pt\/loja\/wp-json\/wp\/v2\/media?parent=65442"}],"wp:term":[{"taxonomy":"product_cat","embeddable":true,"href":"https:\/\/smfoods.pt\/loja\/wp-json\/wp\/v2\/product_cat?post=65442"},{"taxonomy":"product_tag","embeddable":true,"href":"https:\/\/smfoods.pt\/loja\/wp-json\/wp\/v2\/product_tag?post=65442"}],"curies":[{"name":"wp","href":"https:\/\/api.w.org\/{rel}","templated":true}]}}