
{"id":65462,"date":"2023-01-27T10:22:27","date_gmt":"2023-01-27T10:22:27","guid":{"rendered":"https:\/\/smfoods.pt\/loja\/produto\/90-1000-molde-polietileno-sapato-senhora-grande-simples\/"},"modified":"2024-03-04T15:49:11","modified_gmt":"2024-03-04T15:49:11","slug":"90-1000-molde-polietileno-sapato-senhora-grande-simples","status":"publish","type":"product","link":"https:\/\/smfoods.pt\/loja\/produto\/90-1000-molde-polietileno-sapato-senhora-grande-simples\/","title":{"rendered":"Molde Poli\u00e9tileno Sapato Senhora Grande Simples"},"content":{"rendered":"<p><strong>Observa\u00e7\u00f5es: <\/strong>Medidas: 210&#215;64 mm.<br \/>\nCada Molde faz 1 meio sapato.<\/p>\n","protected":false},"excerpt":{"rendered":"<p>Observa\u00e7\u00f5es: Medidas: 210&#215;64 mm. Cada Molde faz 1 meio sapato.<\/p>\n","protected":false},"featured_media":69889,"template":"","meta":[],"product_cat":[2975],"product_tag":[],"class_list":{"0":"post-65462","1":"product","2":"type-product","3":"status-publish","4":"has-post-thumbnail","6":"product_cat-pastelaria-moldes","8":"first","9":"instock","10":"taxable","11":"shipping-taxable","12":"product-type-simple","13":"add-to-wishlist-before_image","14":"col-xs-6 col-sm-4","15":"col-md-3 col-lg-3","16":"un-4-cols"},"_links":{"self":[{"href":"https:\/\/smfoods.pt\/loja\/wp-json\/wp\/v2\/product\/65462","targetHints":{"allow":["GET"]}}],"collection":[{"href":"https:\/\/smfoods.pt\/loja\/wp-json\/wp\/v2\/product"}],"about":[{"href":"https:\/\/smfoods.pt\/loja\/wp-json\/wp\/v2\/types\/product"}],"version-history":[{"count":1,"href":"https:\/\/smfoods.pt\/loja\/wp-json\/wp\/v2\/product\/65462\/revisions"}],"predecessor-version":[{"id":71755,"href":"https:\/\/smfoods.pt\/loja\/wp-json\/wp\/v2\/product\/65462\/revisions\/71755"}],"wp:featuredmedia":[{"embeddable":true,"href":"https:\/\/smfoods.pt\/loja\/wp-json\/wp\/v2\/media\/69889"}],"wp:attachment":[{"href":"https:\/\/smfoods.pt\/loja\/wp-json\/wp\/v2\/media?parent=65462"}],"wp:term":[{"taxonomy":"product_cat","embeddable":true,"href":"https:\/\/smfoods.pt\/loja\/wp-json\/wp\/v2\/product_cat?post=65462"},{"taxonomy":"product_tag","embeddable":true,"href":"https:\/\/smfoods.pt\/loja\/wp-json\/wp\/v2\/product_tag?post=65462"}],"curies":[{"name":"wp","href":"https:\/\/api.w.org\/{rel}","templated":true}]}}