
{"id":65467,"date":"2023-01-27T10:22:32","date_gmt":"2023-01-27T10:22:32","guid":{"rendered":"https:\/\/smfoods.pt\/loja\/produto\/910123-molho-de-francesinha-5-kg\/"},"modified":"2024-03-04T15:08:11","modified_gmt":"2024-03-04T15:08:11","slug":"910123-molho-para-francesinha-5-kg","status":"publish","type":"product","link":"https:\/\/smfoods.pt\/loja\/produto\/910123-molho-para-francesinha-5-kg\/","title":{"rendered":"Molho para Francesinha 5 Kg"},"content":{"rendered":"<p><strong>Observa\u00e7\u00f5es: <\/strong>Ingredientes: \u00c1gua, cerveja (\u00e1gua, cevada maltada, cereais n\u00e3o maltados (milho e cevada), l\u00fapulo), azeite,<br \/>\nconcentrado de tomate, massa de piment\u00e3o (pimentos, sal, vinagre, estabilizador (goma<br \/>\nxantana)), amido modificado, cebola, sal, caldos de carne, bebidas espirituosas, especiarias,<br \/>\nregulador de acidez (\u00e1cido c\u00edtrico). Cont\u00e9m gl\u00faten, aipo, soja, ovo e sulfitos.<\/p>\n<p>Armazenar em local seco, fresco e inodoro. Proteger da luz. Depois de aberto,<br \/>\nconsumir na totalidade. Agitar antes de usar.<\/p>\n","protected":false},"excerpt":{"rendered":"<p>Observa\u00e7\u00f5es: Ingredientes: \u00c1gua, cerveja (\u00e1gua, cevada maltada, cereais n\u00e3o maltados (milho e cevada), l\u00fapulo), azeite, concentrado de tomate, massa de piment\u00e3o (pimentos, sal, vinagre, estabilizador (goma xantana)), amido modificado, cebola, sal, caldos de carne, bebidas espirituosas, especiarias, regulador de acidez (\u00e1cido c\u00edtrico). Cont\u00e9m gl\u00faten, aipo, soja, ovo e sulfitos. Armazenar em local seco, fresco e&hellip;<\/p>\n","protected":false},"featured_media":70111,"template":"","meta":[],"product_cat":[2976],"product_tag":[],"class_list":{"0":"post-65467","1":"product","2":"type-product","3":"status-publish","4":"has-post-thumbnail","6":"product_cat-restauracao-molhos-e-temperos","8":"first","9":"instock","10":"taxable","11":"shipping-taxable","12":"product-type-simple","13":"add-to-wishlist-before_image","14":"col-xs-6 col-sm-4","15":"col-md-3 col-lg-3","16":"un-4-cols"},"_links":{"self":[{"href":"https:\/\/smfoods.pt\/loja\/wp-json\/wp\/v2\/product\/65467","targetHints":{"allow":["GET"]}}],"collection":[{"href":"https:\/\/smfoods.pt\/loja\/wp-json\/wp\/v2\/product"}],"about":[{"href":"https:\/\/smfoods.pt\/loja\/wp-json\/wp\/v2\/types\/product"}],"version-history":[{"count":2,"href":"https:\/\/smfoods.pt\/loja\/wp-json\/wp\/v2\/product\/65467\/revisions"}],"predecessor-version":[{"id":72337,"href":"https:\/\/smfoods.pt\/loja\/wp-json\/wp\/v2\/product\/65467\/revisions\/72337"}],"wp:featuredmedia":[{"embeddable":true,"href":"https:\/\/smfoods.pt\/loja\/wp-json\/wp\/v2\/media\/70111"}],"wp:attachment":[{"href":"https:\/\/smfoods.pt\/loja\/wp-json\/wp\/v2\/media?parent=65467"}],"wp:term":[{"taxonomy":"product_cat","embeddable":true,"href":"https:\/\/smfoods.pt\/loja\/wp-json\/wp\/v2\/product_cat?post=65467"},{"taxonomy":"product_tag","embeddable":true,"href":"https:\/\/smfoods.pt\/loja\/wp-json\/wp\/v2\/product_tag?post=65467"}],"curies":[{"name":"wp","href":"https:\/\/api.w.org\/{rel}","templated":true}]}}