
{"id":65471,"date":"2023-01-27T10:22:36","date_gmt":"2023-01-27T10:22:36","guid":{"rendered":"https:\/\/smfoods.pt\/loja\/produto\/7999901-nata-vegatal-acucarada-hulala-classic-1-l\/"},"modified":"2024-03-04T15:18:38","modified_gmt":"2024-03-04T15:18:38","slug":"7999901-nata-vegatal-acucarada-hulala-classic-1-l","status":"publish","type":"product","link":"https:\/\/smfoods.pt\/loja\/produto\/7999901-nata-vegatal-acucarada-hulala-classic-1-l\/","title":{"rendered":"Nata Vegatal A\u00e7ucarada Hulala Classic 1 L"},"content":{"rendered":"<p><strong>Observa\u00e7\u00f5es: <\/strong>Caixa Master 10x1L<\/p>\n","protected":false},"excerpt":{"rendered":"<p>Observa\u00e7\u00f5es: Caixa Master 10x1L<\/p>\n","protected":false},"featured_media":69681,"template":"","meta":[],"product_cat":[2977,2922,2921],"product_tag":[],"class_list":{"0":"post-65471","1":"product","2":"type-product","3":"status-publish","4":"has-post-thumbnail","6":"product_cat-pastelaria-natas","7":"product_cat-restauracao-novidades","8":"product_cat-pastelaria-novidades","10":"first","11":"instock","12":"taxable","13":"shipping-taxable","14":"product-type-simple","15":"add-to-wishlist-before_image","16":"col-xs-6 col-sm-4","17":"col-md-3 col-lg-3","18":"un-4-cols"},"_links":{"self":[{"href":"https:\/\/smfoods.pt\/loja\/wp-json\/wp\/v2\/product\/65471","targetHints":{"allow":["GET"]}}],"collection":[{"href":"https:\/\/smfoods.pt\/loja\/wp-json\/wp\/v2\/product"}],"about":[{"href":"https:\/\/smfoods.pt\/loja\/wp-json\/wp\/v2\/types\/product"}],"version-history":[{"count":1,"href":"https:\/\/smfoods.pt\/loja\/wp-json\/wp\/v2\/product\/65471\/revisions"}],"predecessor-version":[{"id":71221,"href":"https:\/\/smfoods.pt\/loja\/wp-json\/wp\/v2\/product\/65471\/revisions\/71221"}],"wp:featuredmedia":[{"embeddable":true,"href":"https:\/\/smfoods.pt\/loja\/wp-json\/wp\/v2\/media\/69681"}],"wp:attachment":[{"href":"https:\/\/smfoods.pt\/loja\/wp-json\/wp\/v2\/media?parent=65471"}],"wp:term":[{"taxonomy":"product_cat","embeddable":true,"href":"https:\/\/smfoods.pt\/loja\/wp-json\/wp\/v2\/product_cat?post=65471"},{"taxonomy":"product_tag","embeddable":true,"href":"https:\/\/smfoods.pt\/loja\/wp-json\/wp\/v2\/product_tag?post=65471"}],"curies":[{"name":"wp","href":"https:\/\/api.w.org\/{rel}","templated":true}]}}