
{"id":65520,"date":"2023-01-27T10:23:22","date_gmt":"2023-01-27T10:23:22","guid":{"rendered":"https:\/\/smfoods.pt\/loja\/produto\/to15-topping-nocciola-avela-iceberg-1-kg\/"},"modified":"2024-03-04T15:39:20","modified_gmt":"2024-03-04T15:39:20","slug":"to15-topping-nocciola-avela-iceberg-1-kg","status":"publish","type":"product","link":"https:\/\/smfoods.pt\/loja\/produto\/to15-topping-nocciola-avela-iceberg-1-kg\/","title":{"rendered":"Topping Nocciola\/ Avel\u00e3 Iceberg 1 Kg"},"content":{"rendered":"<p><strong>Observa\u00e7\u00f5es: <\/strong>Caixa de 6x 1 Kg<\/p>\n","protected":false},"excerpt":{"rendered":"<p>Observa\u00e7\u00f5es: Caixa de 6x 1 Kg<\/p>\n","protected":false},"featured_media":70284,"template":"","meta":[],"product_cat":[3002],"product_tag":[],"class_list":{"0":"post-65520","1":"product","2":"type-product","3":"status-publish","4":"has-post-thumbnail","6":"product_cat-gelataria-toppings","8":"first","9":"instock","10":"taxable","11":"shipping-taxable","12":"product-type-simple","13":"add-to-wishlist-before_image","14":"col-xs-6 col-sm-4","15":"col-md-3 col-lg-3","16":"un-4-cols"},"_links":{"self":[{"href":"https:\/\/smfoods.pt\/loja\/wp-json\/wp\/v2\/product\/65520","targetHints":{"allow":["GET"]}}],"collection":[{"href":"https:\/\/smfoods.pt\/loja\/wp-json\/wp\/v2\/product"}],"about":[{"href":"https:\/\/smfoods.pt\/loja\/wp-json\/wp\/v2\/types\/product"}],"version-history":[{"count":1,"href":"https:\/\/smfoods.pt\/loja\/wp-json\/wp\/v2\/product\/65520\/revisions"}],"predecessor-version":[{"id":71332,"href":"https:\/\/smfoods.pt\/loja\/wp-json\/wp\/v2\/product\/65520\/revisions\/71332"}],"wp:featuredmedia":[{"embeddable":true,"href":"https:\/\/smfoods.pt\/loja\/wp-json\/wp\/v2\/media\/70284"}],"wp:attachment":[{"href":"https:\/\/smfoods.pt\/loja\/wp-json\/wp\/v2\/media?parent=65520"}],"wp:term":[{"taxonomy":"product_cat","embeddable":true,"href":"https:\/\/smfoods.pt\/loja\/wp-json\/wp\/v2\/product_cat?post=65520"},{"taxonomy":"product_tag","embeddable":true,"href":"https:\/\/smfoods.pt\/loja\/wp-json\/wp\/v2\/product_tag?post=65520"}],"curies":[{"name":"wp","href":"https:\/\/api.w.org\/{rel}","templated":true}]}}