
{"id":65536,"date":"2023-01-27T10:23:37","date_gmt":"2023-01-27T10:23:37","guid":{"rendered":"https:\/\/smfoods.pt\/loja\/produto\/tpblm10-topper-o-meu-batismo-mdf-eco-pack-10-unidades\/"},"modified":"2024-03-04T15:09:26","modified_gmt":"2024-03-04T15:09:26","slug":"tpblm10-topper-o-meu-batismo-mdf-eco-pack-10-unidades","status":"publish","type":"product","link":"https:\/\/smfoods.pt\/loja\/produto\/tpblm10-topper-o-meu-batismo-mdf-eco-pack-10-unidades\/","title":{"rendered":"Topper O Meu Batismo MDF (eco pack 10 unidades)"},"content":{"rendered":"<p><strong>Observa\u00e7\u00f5es: <\/strong>Material: MDF<br \/>\nDimens\u00f5es: 22 Altura x 13 Largura<\/p>\n","protected":false},"excerpt":{"rendered":"<p>Observa\u00e7\u00f5es: Material: MDF Dimens\u00f5es: 22 Altura x 13 Largura<\/p>\n","protected":false},"featured_media":70009,"template":"","meta":[],"product_cat":[3001],"product_tag":[],"class_list":{"0":"post-65536","1":"product","2":"type-product","3":"status-publish","4":"has-post-thumbnail","6":"product_cat-pastelaria-toppers-bolos","8":"first","9":"instock","10":"taxable","11":"shipping-taxable","12":"product-type-simple","13":"add-to-wishlist-before_image","14":"col-xs-6 col-sm-4","15":"col-md-3 col-lg-3","16":"un-4-cols"},"_links":{"self":[{"href":"https:\/\/smfoods.pt\/loja\/wp-json\/wp\/v2\/product\/65536","targetHints":{"allow":["GET"]}}],"collection":[{"href":"https:\/\/smfoods.pt\/loja\/wp-json\/wp\/v2\/product"}],"about":[{"href":"https:\/\/smfoods.pt\/loja\/wp-json\/wp\/v2\/types\/product"}],"version-history":[{"count":2,"href":"https:\/\/smfoods.pt\/loja\/wp-json\/wp\/v2\/product\/65536\/revisions"}],"predecessor-version":[{"id":71778,"href":"https:\/\/smfoods.pt\/loja\/wp-json\/wp\/v2\/product\/65536\/revisions\/71778"}],"wp:featuredmedia":[{"embeddable":true,"href":"https:\/\/smfoods.pt\/loja\/wp-json\/wp\/v2\/media\/70009"}],"wp:attachment":[{"href":"https:\/\/smfoods.pt\/loja\/wp-json\/wp\/v2\/media?parent=65536"}],"wp:term":[{"taxonomy":"product_cat","embeddable":true,"href":"https:\/\/smfoods.pt\/loja\/wp-json\/wp\/v2\/product_cat?post=65536"},{"taxonomy":"product_tag","embeddable":true,"href":"https:\/\/smfoods.pt\/loja\/wp-json\/wp\/v2\/product_tag?post=65536"}],"curies":[{"name":"wp","href":"https:\/\/api.w.org\/{rel}","templated":true}]}}